{"id":6883,"date":"2023-06-26T23:39:24","date_gmt":"2023-06-26T21:39:24","guid":{"rendered":"https:\/\/maelissfont.com\/?page_id=6883"},"modified":"2026-02-18T15:43:23","modified_gmt":"2026-02-18T14:43:23","slug":"livres","status":"publish","type":"page","link":"https:\/\/maelissfont.com\/en\/catalogue\/livres\/","title":{"rendered":"Books"},"content":{"rendered":"<div data-elementor-type=\"wp-page\" data-elementor-id=\"6883\" class=\"elementor elementor-6883\" data-elementor-post-type=\"page\">\n\t\t\t\t<div class=\"elementor-element elementor-element-20fbc407 e-flex e-con-boxed e-con e-parent\" data-id=\"20fbc407\" data-element_type=\"container\" data-e-type=\"container\" data-settings=\"{&quot;background_background&quot;:&quot;classic&quot;}\">\n\t\t\t\t\t<div class=\"e-con-inner\">\n\t\t<div class=\"elementor-element elementor-element-11d2b0d e-con-full e-flex e-con e-child\" data-id=\"11d2b0d\" data-element_type=\"container\" data-e-type=\"container\" data-settings=\"{&quot;background_background&quot;:&quot;classic&quot;}\">\n\t\t\t\t<div class=\"elementor-element elementor-element-0a1b377 elementor-widget elementor-widget-heading\" data-id=\"0a1b377\" data-element_type=\"widget\" data-e-type=\"widget\" data-widget_type=\"heading.default\">\n\t\t\t\t<div class=\"elementor-widget-container\">\n\t\t\t\t\t<h2 class=\"elementor-heading-title elementor-size-default\">Livres &amp; zines<\/h2>\t\t\t\t<\/div>\n\t\t\t\t<\/div>\n\t\t\t\t<\/div>\n\t\t\t\t\t<\/div>\n\t\t\t\t<\/div>\n\t\t<div class=\"elementor-element elementor-element-2a080abd e-flex e-con-boxed e-con e-parent\" data-id=\"2a080abd\" data-element_type=\"container\" data-e-type=\"container\">\n\t\t\t\t\t<div class=\"e-con-inner\">\n\t\t\t\t<div class=\"elementor-element elementor-element-1bddc836 elementor-grid-4 elementor-grid-tablet-3 elementor-grid-mobile-2 elementor-products-grid elementor-wc-products elementor-widget elementor-widget-woocommerce-products\" data-id=\"1bddc836\" data-element_type=\"widget\" data-e-type=\"widget\" data-widget_type=\"woocommerce-products.default\">\n\t\t\t\t<div class=\"elementor-widget-container\">\n\t\t\t\t\t<div class=\"woocommerce columns-4\"><ul class=\"products elementor-grid columns-4\">\n<li class=\"product type-product post-171 status-publish first instock product_cat-livres product_tag-livres has-post-thumbnail shipping-taxable purchasable product-type-simple\">\n\t<a href=\"https:\/\/maelissfont.com\/en\/product\/the-highwayman\/\" class=\"woocommerce-LoopProduct-link woocommerce-loop-product__link\"><img fetchpriority=\"high\" decoding=\"async\" width=\"500\" height=\"500\" src=\"https:\/\/maelissfont.com\/wp-content\/uploads\/2023\/06\/cg2-1-500x500.webp\" class=\"attachment-woocommerce_thumbnail size-woocommerce_thumbnail\" alt=\"Livre roman graphique illustr\u00e9 po\u00e8me The Highwayman \u00e9crit par Alfred Noyes en 1901. Po\u00e9sie britannique anglaise du XX\u00e8me si\u00e8cle. Histoire d&#039;un bandit de grand chemin et de sa bien aim\u00e9e. 100 pages d&#039;illustrations en rouge et noir.\" srcset=\"https:\/\/maelissfont.com\/wp-content\/uploads\/2023\/06\/cg2-1-500x500.webp 500w, https:\/\/maelissfont.com\/wp-content\/uploads\/2023\/06\/cg2-1-300x300.webp 300w, https:\/\/maelissfont.com\/wp-content\/uploads\/2023\/06\/cg2-1-150x150.webp 150w, https:\/\/maelissfont.com\/wp-content\/uploads\/2023\/06\/cg2-1-768x768.webp 768w, https:\/\/maelissfont.com\/wp-content\/uploads\/2023\/06\/cg2-1-12x12.webp 12w, https:\/\/maelissfont.com\/wp-content\/uploads\/2023\/06\/cg2-1-100x100.webp 100w, https:\/\/maelissfont.com\/wp-content\/uploads\/2023\/06\/cg2-1.webp 1000w\" sizes=\"(max-width: 500px) 100vw, 500px\" title=\"\"><h2 class=\"woocommerce-loop-product__title\">The Highwayman &#8211; A graphic adaptation<\/h2>\n\t<span class=\"price\"><span class=\"woocommerce-Price-amount amount\"><bdi>40,00&nbsp;<span class=\"woocommerce-Price-currencySymbol\">&euro;<\/span><\/bdi><\/span><\/span>\n<\/a><div class=\"woocommerce-loop-product__buttons\"><a href=\"\/en\/wp-json\/wp\/v2\/pages\/6883?add-to-cart=171\" aria-describedby=\"woocommerce_loop_add_to_cart_link_describedby_171\" data-quantity=\"1\" class=\"button product_type_simple add_to_cart_button ajax_add_to_cart\" data-product_id=\"171\" data-product_sku=\"\" aria-label=\"Add to basket: \u201cThe Highwayman - A graphic adaptation\u201d\" rel=\"nofollow\" data-success_message=\"\u201cThe Highwayman - A graphic adaptation\u201d has been added to your cart\" role=\"button\" data-no-translation=\"\" data-trp-gettext=\"\" data-no-translation-aria-label=\"\" data-no-translation-data-success_message=\"\">Add to basket<\/a><\/div>\t<span id=\"woocommerce_loop_add_to_cart_link_describedby_171\" class=\"screen-reader-text\">\n\t\t\t<\/span>\n<\/li>\n<li class=\"product type-product post-7337 status-publish instock product_cat-livres product_tag-digital product_tag-livres product_tag-the-highwayman has-post-thumbnail downloadable virtual purchasable product-type-simple\">\n\t<a href=\"https:\/\/maelissfont.com\/en\/product\/the-highwayman-ebook\/\" class=\"woocommerce-LoopProduct-link woocommerce-loop-product__link\"><img decoding=\"async\" width=\"500\" height=\"500\" src=\"https:\/\/maelissfont.com\/wp-content\/uploads\/2023\/05\/cg2-500x500.webp\" class=\"attachment-woocommerce_thumbnail size-woocommerce_thumbnail\" alt=\"Livre roman graphique illustr\u00e9 po\u00e8me The Highwayman \u00e9crit par Alfred Noyes en 1901. Po\u00e9sie britannique anglaise du XX\u00e8me si\u00e8cle. Histoire d&#039;un bandit de grand chemin et de sa bien aim\u00e9e. 100 pages d&#039;illustrations en rouge et noir. Version E book disponible en vente sur boutique en ligne \u00e0 Aurillac dans le Cantal.\" srcset=\"https:\/\/maelissfont.com\/wp-content\/uploads\/2023\/05\/cg2-500x500.webp 500w, https:\/\/maelissfont.com\/wp-content\/uploads\/2023\/05\/cg2-300x300.webp 300w, https:\/\/maelissfont.com\/wp-content\/uploads\/2023\/05\/cg2-150x150.webp 150w, https:\/\/maelissfont.com\/wp-content\/uploads\/2023\/05\/cg2-768x768.webp 768w, https:\/\/maelissfont.com\/wp-content\/uploads\/2023\/05\/cg2-12x12.webp 12w, https:\/\/maelissfont.com\/wp-content\/uploads\/2023\/05\/cg2-100x100.webp 100w, https:\/\/maelissfont.com\/wp-content\/uploads\/2023\/05\/cg2.webp 900w\" sizes=\"(max-width: 500px) 100vw, 500px\" title=\"\"><h2 class=\"woocommerce-loop-product__title\">The Highwayman \u2013 eBook version<\/h2>\n\t<span class=\"price\"><span class=\"woocommerce-Price-amount amount\"><bdi>5,00&nbsp;<span class=\"woocommerce-Price-currencySymbol\">&euro;<\/span><\/bdi><\/span><\/span>\n<\/a><div class=\"woocommerce-loop-product__buttons\"><a href=\"\/en\/wp-json\/wp\/v2\/pages\/6883?add-to-cart=7337\" aria-describedby=\"woocommerce_loop_add_to_cart_link_describedby_7337\" data-quantity=\"1\" class=\"button product_type_simple add_to_cart_button ajax_add_to_cart\" data-product_id=\"7337\" data-product_sku=\"\" aria-label=\"Add to basket: \u201cThe Highwayman - version eBook\u201d\" rel=\"nofollow\" data-success_message=\"\u201cThe Highwayman - version eBook\u201d has been added to your cart\" role=\"button\" data-no-translation=\"\" data-trp-gettext=\"\" data-no-translation-aria-label=\"\" data-no-translation-data-success_message=\"\">Add to basket<\/a><\/div>\t<span id=\"woocommerce_loop_add_to_cart_link_describedby_7337\" class=\"screen-reader-text\">\n\t\t\t<\/span>\n<\/li>\n<li class=\"product type-product post-174 status-publish instock product_cat-livres product_cat-prints product_tag-a5-print has-post-thumbnail shipping-taxable purchasable product-type-simple\">\n\t<a href=\"https:\/\/maelissfont.com\/en\/product\/marque-page-highwayman-1\/\" class=\"woocommerce-LoopProduct-link woocommerce-loop-product__link\"><img decoding=\"async\" width=\"500\" height=\"500\" src=\"https:\/\/maelissfont.com\/wp-content\/uploads\/2023\/05\/marquepagebess-500x500.jpg\" class=\"attachment-woocommerce_thumbnail size-woocommerce_thumbnail\" alt=\"Livre roman graphique illustr\u00e9 po\u00e8me The Highwayman \u00e9crit par Alfred Noyes en 1901. Po\u00e9sie britannique anglaise du XX\u00e8me si\u00e8cle. Histoire d&#039;un bandit de grand chemin et de sa bien aim\u00e9e. 100 pages d&#039;illustrations en rouge et noir. Marque page disponible en vente sur boutique en ligne \u00e0 Aurillac dans le Cantal.\" srcset=\"https:\/\/maelissfont.com\/wp-content\/uploads\/2023\/05\/marquepagebess-500x500.jpg 500w, https:\/\/maelissfont.com\/wp-content\/uploads\/2023\/05\/marquepagebess-300x300.jpg 300w, https:\/\/maelissfont.com\/wp-content\/uploads\/2023\/05\/marquepagebess-150x150.jpg 150w, https:\/\/maelissfont.com\/wp-content\/uploads\/2023\/05\/marquepagebess-768x768.jpg 768w, https:\/\/maelissfont.com\/wp-content\/uploads\/2023\/05\/marquepagebess-12x12.jpg 12w, https:\/\/maelissfont.com\/wp-content\/uploads\/2023\/05\/marquepagebess-100x100.jpg 100w, https:\/\/maelissfont.com\/wp-content\/uploads\/2023\/05\/marquepagebess.jpg 1000w\" sizes=\"(max-width: 500px) 100vw, 500px\" title=\"\"><h2 class=\"woocommerce-loop-product__title\">Bookmark: Bess<\/h2>\n\t<span class=\"price\"><span class=\"woocommerce-Price-amount amount\"><bdi>1,00&nbsp;<span class=\"woocommerce-Price-currencySymbol\">&euro;<\/span><\/bdi><\/span><\/span>\n<\/a><div class=\"woocommerce-loop-product__buttons\"><a href=\"\/en\/wp-json\/wp\/v2\/pages\/6883?add-to-cart=174\" aria-describedby=\"woocommerce_loop_add_to_cart_link_describedby_174\" data-quantity=\"1\" class=\"button product_type_simple add_to_cart_button ajax_add_to_cart\" data-product_id=\"174\" data-product_sku=\"\" aria-label=\"Add to basket: \u201cMarque page : Bess\u201d\" rel=\"nofollow\" data-success_message=\"\u201cMarque page : Bess\u201d has been added to your cart\" role=\"button\" data-no-translation=\"\" data-trp-gettext=\"\" data-no-translation-aria-label=\"\" data-no-translation-data-success_message=\"\">Add to basket<\/a><\/div>\t<span id=\"woocommerce_loop_add_to_cart_link_describedby_174\" class=\"screen-reader-text\">\n\t\t\t<\/span>\n<\/li>\n<li class=\"product type-product post-5645 status-publish last instock product_cat-livres product_cat-prints product_tag-a5-print has-post-thumbnail shipping-taxable purchasable product-type-simple\">\n\t<a href=\"https:\/\/maelissfont.com\/en\/product\/marque-page-the-highwayman-3\/\" class=\"woocommerce-LoopProduct-link woocommerce-loop-product__link\"><img loading=\"lazy\" decoding=\"async\" width=\"500\" height=\"500\" src=\"https:\/\/maelissfont.com\/wp-content\/uploads\/2023\/05\/marquepagelune-500x500.jpg\" class=\"attachment-woocommerce_thumbnail size-woocommerce_thumbnail\" alt=\"Livre roman graphique illustr\u00e9 po\u00e8me The Highwayman \u00e9crit par Alfred Noyes en 1901. Po\u00e9sie britannique anglaise du XX\u00e8me si\u00e8cle. Histoire d&#039;un bandit de grand chemin et de sa bien aim\u00e9e. 100 pages d&#039;illustrations en rouge et noir. Marque page disponible en vente sur boutique en ligne \u00e0 Aurillac dans le Cantal.\" srcset=\"https:\/\/maelissfont.com\/wp-content\/uploads\/2023\/05\/marquepagelune-500x500.jpg 500w, https:\/\/maelissfont.com\/wp-content\/uploads\/2023\/05\/marquepagelune-300x300.jpg 300w, https:\/\/maelissfont.com\/wp-content\/uploads\/2023\/05\/marquepagelune-150x150.jpg 150w, https:\/\/maelissfont.com\/wp-content\/uploads\/2023\/05\/marquepagelune-768x768.jpg 768w, https:\/\/maelissfont.com\/wp-content\/uploads\/2023\/05\/marquepagelune-12x12.jpg 12w, https:\/\/maelissfont.com\/wp-content\/uploads\/2023\/05\/marquepagelune-100x100.jpg 100w, https:\/\/maelissfont.com\/wp-content\/uploads\/2023\/05\/marquepagelune.jpg 1000w\" sizes=\"(max-width: 500px) 100vw, 500px\" title=\"\"><h2 class=\"woocommerce-loop-product__title\">Bookmark: Moonlight<\/h2>\n\t<span class=\"price\"><span class=\"woocommerce-Price-amount amount\"><bdi>1,00&nbsp;<span class=\"woocommerce-Price-currencySymbol\">&euro;<\/span><\/bdi><\/span><\/span>\n<\/a><div class=\"woocommerce-loop-product__buttons\"><a href=\"\/en\/wp-json\/wp\/v2\/pages\/6883?add-to-cart=5645\" aria-describedby=\"woocommerce_loop_add_to_cart_link_describedby_5645\" data-quantity=\"1\" class=\"button product_type_simple add_to_cart_button ajax_add_to_cart\" data-product_id=\"5645\" data-product_sku=\"\" aria-label=\"Add to basket: \u201cMarque page : Moonlight\u201d\" rel=\"nofollow\" data-success_message=\"\u201cMarque page : Moonlight\u201d has been added to your cart\" role=\"button\" data-no-translation=\"\" data-trp-gettext=\"\" data-no-translation-aria-label=\"\" data-no-translation-data-success_message=\"\">Add to basket<\/a><\/div>\t<span id=\"woocommerce_loop_add_to_cart_link_describedby_5645\" class=\"screen-reader-text\">\n\t\t\t<\/span>\n<\/li>\n<li class=\"product type-product post-5644 status-publish first instock product_cat-livres product_cat-prints product_tag-a5-print has-post-thumbnail shipping-taxable purchasable product-type-simple\">\n\t<a href=\"https:\/\/maelissfont.com\/en\/product\/marque-page-the-highwayman-2\/\" class=\"woocommerce-LoopProduct-link woocommerce-loop-product__link\"><img loading=\"lazy\" decoding=\"async\" width=\"500\" height=\"500\" src=\"https:\/\/maelissfont.com\/wp-content\/uploads\/2023\/05\/marquepagehighwayman-500x500.jpg\" class=\"attachment-woocommerce_thumbnail size-woocommerce_thumbnail\" alt=\"Marque page : Highwayman\" srcset=\"https:\/\/maelissfont.com\/wp-content\/uploads\/2023\/05\/marquepagehighwayman-500x500.jpg 500w, https:\/\/maelissfont.com\/wp-content\/uploads\/2023\/05\/marquepagehighwayman-300x300.jpg 300w, https:\/\/maelissfont.com\/wp-content\/uploads\/2023\/05\/marquepagehighwayman-150x150.jpg 150w, https:\/\/maelissfont.com\/wp-content\/uploads\/2023\/05\/marquepagehighwayman-768x768.jpg 768w, https:\/\/maelissfont.com\/wp-content\/uploads\/2023\/05\/marquepagehighwayman-12x12.jpg 12w, https:\/\/maelissfont.com\/wp-content\/uploads\/2023\/05\/marquepagehighwayman-100x100.jpg 100w, https:\/\/maelissfont.com\/wp-content\/uploads\/2023\/05\/marquepagehighwayman.jpg 1000w\" sizes=\"(max-width: 500px) 100vw, 500px\" title=\"\"><h2 class=\"woocommerce-loop-product__title\">Bookmark: Highwayman<\/h2>\n\t<span class=\"price\"><span class=\"woocommerce-Price-amount amount\"><bdi>1,00&nbsp;<span class=\"woocommerce-Price-currencySymbol\">&euro;<\/span><\/bdi><\/span><\/span>\n<\/a><div class=\"woocommerce-loop-product__buttons\"><a href=\"\/en\/wp-json\/wp\/v2\/pages\/6883?add-to-cart=5644\" aria-describedby=\"woocommerce_loop_add_to_cart_link_describedby_5644\" data-quantity=\"1\" class=\"button product_type_simple add_to_cart_button ajax_add_to_cart\" data-product_id=\"5644\" data-product_sku=\"\" aria-label=\"Add to basket: \u201cMarque page : Highwayman\u201d\" rel=\"nofollow\" data-success_message=\"\u201cMarque page : Highwayman\u201d has been added to your cart\" role=\"button\" data-no-translation=\"\" data-trp-gettext=\"\" data-no-translation-aria-label=\"\" data-no-translation-data-success_message=\"\">Add to basket<\/a><\/div>\t<span id=\"woocommerce_loop_add_to_cart_link_describedby_5644\" class=\"screen-reader-text\">\n\t\t\t<\/span>\n<\/li>\n<li class=\"product type-product post-7350 status-publish instock product_cat-livres has-post-thumbnail downloadable virtual purchasable product-type-simple\">\n\t<a href=\"https:\/\/maelissfont.com\/en\/product\/tristram-iseult-ebook\/\" class=\"woocommerce-LoopProduct-link woocommerce-loop-product__link\"><img loading=\"lazy\" decoding=\"async\" width=\"500\" height=\"500\" src=\"https:\/\/maelissfont.com\/wp-content\/uploads\/2023\/07\/tristramiseult-500x500.jpg\" class=\"attachment-woocommerce_thumbnail size-woocommerce_thumbnail\" alt=\"Tristram &amp; Iseult\" srcset=\"https:\/\/maelissfont.com\/wp-content\/uploads\/2023\/07\/tristramiseult-500x500.jpg 500w, https:\/\/maelissfont.com\/wp-content\/uploads\/2023\/07\/tristramiseult-300x300.jpg 300w, https:\/\/maelissfont.com\/wp-content\/uploads\/2023\/07\/tristramiseult-150x150.jpg 150w, https:\/\/maelissfont.com\/wp-content\/uploads\/2023\/07\/tristramiseult-12x12.jpg 12w, https:\/\/maelissfont.com\/wp-content\/uploads\/2023\/07\/tristramiseult-100x100.jpg 100w, https:\/\/maelissfont.com\/wp-content\/uploads\/2023\/07\/tristramiseult.jpg 599w\" sizes=\"(max-width: 500px) 100vw, 500px\" title=\"\"><h2 class=\"woocommerce-loop-product__title\">Tristram &#038; Iseult<\/h2>\n\t<span class=\"price\"><span class=\"woocommerce-Price-amount amount\"><bdi>0,00&nbsp;<span class=\"woocommerce-Price-currencySymbol\">&euro;<\/span><\/bdi><\/span><\/span>\n<\/a><div class=\"woocommerce-loop-product__buttons\"><a href=\"\/en\/wp-json\/wp\/v2\/pages\/6883?add-to-cart=7350\" aria-describedby=\"woocommerce_loop_add_to_cart_link_describedby_7350\" data-quantity=\"1\" class=\"button product_type_simple add_to_cart_button ajax_add_to_cart\" data-product_id=\"7350\" data-product_sku=\"\" aria-label=\"Add to basket: \u201cTristram &amp; Iseult\u201d\" rel=\"nofollow\" data-success_message=\"\u201cTristram &amp; Iseult\u201d has been added to your cart\" role=\"button\" data-no-translation=\"\" data-trp-gettext=\"\" data-no-translation-aria-label=\"\" data-no-translation-data-success_message=\"\">Add to basket<\/a><\/div>\t<span id=\"woocommerce_loop_add_to_cart_link_describedby_7350\" class=\"screen-reader-text\">\n\t\t\t<\/span>\n<\/li>\n<\/ul>\n<\/div>\t\t\t\t<\/div>\n\t\t\t\t<\/div>\n\t\t\t\t\t<\/div>\n\t\t\t\t<\/div>\n\t\t\t\t<\/div>","protected":false},"excerpt":{"rendered":"<p>Boutique en ligne \u00e0 Aurillac dans le Cantal. Retrouvez-y mes livres illustr\u00e9s et zines publi\u00e9s en micro-\u00e9dition.<\/p>","protected":false},"author":1,"featured_media":0,"parent":5881,"menu_order":0,"comment_status":"closed","ping_status":"closed","template":"","meta":{"footnotes":""},"class_list":["post-6883","page","type-page","status-publish","hentry"],"_links":{"self":[{"href":"https:\/\/maelissfont.com\/en\/wp-json\/wp\/v2\/pages\/6883","targetHints":{"allow":["GET"]}}],"collection":[{"href":"https:\/\/maelissfont.com\/en\/wp-json\/wp\/v2\/pages"}],"about":[{"href":"https:\/\/maelissfont.com\/en\/wp-json\/wp\/v2\/types\/page"}],"author":[{"embeddable":true,"href":"https:\/\/maelissfont.com\/en\/wp-json\/wp\/v2\/users\/1"}],"replies":[{"embeddable":true,"href":"https:\/\/maelissfont.com\/en\/wp-json\/wp\/v2\/comments?post=6883"}],"version-history":[{"count":30,"href":"https:\/\/maelissfont.com\/en\/wp-json\/wp\/v2\/pages\/6883\/revisions"}],"predecessor-version":[{"id":9489,"href":"https:\/\/maelissfont.com\/en\/wp-json\/wp\/v2\/pages\/6883\/revisions\/9489"}],"up":[{"embeddable":true,"href":"https:\/\/maelissfont.com\/en\/wp-json\/wp\/v2\/pages\/5881"}],"wp:attachment":[{"href":"https:\/\/maelissfont.com\/en\/wp-json\/wp\/v2\/media?parent=6883"}],"curies":[{"name":"wp","href":"https:\/\/api.w.org\/{rel}","templated":true}]}}