{"id":7433,"date":"2023-07-27T17:04:31","date_gmt":"2023-07-27T15:04:31","guid":{"rendered":"https:\/\/maelissfont.com\/?page_id=7433"},"modified":"2023-08-21T14:14:23","modified_gmt":"2023-08-21T12:14:23","slug":"ressources","status":"publish","type":"page","link":"https:\/\/maelissfont.com\/en\/catalogue\/ressources\/","title":{"rendered":"Ressources"},"content":{"rendered":"<div data-elementor-type=\"wp-page\" data-elementor-id=\"7433\" class=\"elementor elementor-7433\" data-elementor-post-type=\"page\">\n\t\t\t\t<div class=\"elementor-element elementor-element-1d7afbff e-flex e-con-boxed e-con e-parent\" data-id=\"1d7afbff\" data-element_type=\"container\" data-e-type=\"container\" data-settings=\"{&quot;background_background&quot;:&quot;classic&quot;}\">\n\t\t\t\t\t<div class=\"e-con-inner\">\n\t\t\t\t<div class=\"elementor-element elementor-element-38fd3522 elementor-widget elementor-widget-heading\" data-id=\"38fd3522\" data-element_type=\"widget\" data-e-type=\"widget\" data-widget_type=\"heading.default\">\n\t\t\t\t<div class=\"elementor-widget-container\">\n\t\t\t\t\t<h2 class=\"elementor-heading-title elementor-size-default\">Ressources<\/h2>\t\t\t\t<\/div>\n\t\t\t\t<\/div>\n\t\t\t\t<div class=\"elementor-element elementor-element-32a480d3 elementor-widget elementor-widget-text-editor\" data-id=\"32a480d3\" data-element_type=\"widget\" data-e-type=\"widget\" data-widget_type=\"text-editor.default\">\n\t\t\t\t<div class=\"elementor-widget-container\">\n\t\t\t\t\t\t\t\t\t<p>Guides, templates and tools for creatives.<\/p>\t\t\t\t\t\t\t\t<\/div>\n\t\t\t\t<\/div>\n\t\t\t\t\t<\/div>\n\t\t\t\t<\/div>\n\t\t<div class=\"elementor-element elementor-element-3f9013ee e-flex e-con-boxed e-con e-parent\" data-id=\"3f9013ee\" data-element_type=\"container\" data-e-type=\"container\">\n\t\t\t\t\t<div class=\"e-con-inner\">\n\t\t\t\t<div class=\"elementor-element elementor-element-3fd1bcb3 elementor-grid-4 elementor-grid-tablet-3 elementor-grid-mobile-2 elementor-products-grid elementor-wc-products elementor-widget elementor-widget-woocommerce-products\" data-id=\"3fd1bcb3\" data-element_type=\"widget\" data-e-type=\"widget\" data-widget_type=\"woocommerce-products.default\">\n\t\t\t\t<div class=\"elementor-widget-container\">\n\t\t\t\t\t<div class=\"woocommerce columns-4\"><div class=\"woocommerce-notices-wrapper\"><\/div><ul class=\"products elementor-grid columns-4\">\n<li class=\"product type-product post-7442 status-publish first instock product_cat-ressources has-post-thumbnail downloadable virtual purchasable product-type-simple\">\n\t<a href=\"https:\/\/maelissfont.com\/en\/product\/100-icones-romantiques\/\" class=\"woocommerce-LoopProduct-link woocommerce-loop-product__link\"><img fetchpriority=\"high\" decoding=\"async\" width=\"500\" height=\"500\" src=\"https:\/\/maelissfont.com\/wp-content\/uploads\/2017\/07\/romanticicons-1-500x500.jpg\" class=\"attachment-woocommerce_thumbnail size-woocommerce_thumbnail\" alt=\"100 ic\u00f4nes romantiques\" srcset=\"https:\/\/maelissfont.com\/wp-content\/uploads\/2017\/07\/romanticicons-1-500x500.jpg 500w, https:\/\/maelissfont.com\/wp-content\/uploads\/2017\/07\/romanticicons-1-300x300.jpg 300w, https:\/\/maelissfont.com\/wp-content\/uploads\/2017\/07\/romanticicons-1-150x150.jpg 150w, https:\/\/maelissfont.com\/wp-content\/uploads\/2017\/07\/romanticicons-1-768x768.jpg 768w, https:\/\/maelissfont.com\/wp-content\/uploads\/2017\/07\/romanticicons-1-12x12.jpg 12w, https:\/\/maelissfont.com\/wp-content\/uploads\/2017\/07\/romanticicons-1-100x100.jpg 100w, https:\/\/maelissfont.com\/wp-content\/uploads\/2017\/07\/romanticicons-1.jpg 1000w\" sizes=\"(max-width: 500px) 100vw, 500px\" title=\"\"><h2 class=\"woocommerce-loop-product__title\">100 romantic icons<\/h2>\n\t<span class=\"price\"><span class=\"woocommerce-Price-amount amount\"><bdi>10,00&nbsp;<span class=\"woocommerce-Price-currencySymbol\">&euro;<\/span><\/bdi><\/span><\/span>\n<\/a><div class=\"woocommerce-loop-product__buttons\"><a href=\"\/en\/wp-json\/wp\/v2\/pages\/7433?add-to-cart=7442\" aria-describedby=\"woocommerce_loop_add_to_cart_link_describedby_7442\" data-quantity=\"1\" class=\"button product_type_simple add_to_cart_button ajax_add_to_cart\" data-product_id=\"7442\" data-product_sku=\"\" aria-label=\"Add to basket: \u201c100 ic\u00f4nes romantiques\u201d\" rel=\"nofollow\" data-success_message=\"\u201c100 ic\u00f4nes romantiques\u201d has been added to your cart\" role=\"button\" data-no-translation=\"\" data-trp-gettext=\"\" data-no-translation-aria-label=\"\" data-no-translation-data-success_message=\"\">Add to basket<\/a><\/div>\t<span id=\"woocommerce_loop_add_to_cart_link_describedby_7442\" class=\"screen-reader-text\">\n\t\t\t<\/span>\n<\/li>\n<li class=\"product type-product post-7409 status-publish instock product_cat-ressources has-post-thumbnail downloadable virtual purchasable product-type-simple\">\n\t<a href=\"https:\/\/maelissfont.com\/en\/product\/icones-festives\/\" class=\"woocommerce-LoopProduct-link woocommerce-loop-product__link\"><img decoding=\"async\" width=\"500\" height=\"500\" src=\"https:\/\/maelissfont.com\/wp-content\/uploads\/2017\/07\/festiveicons2-1-500x500.jpg\" class=\"attachment-woocommerce_thumbnail size-woocommerce_thumbnail\" alt=\"100 ic\u00f4nes festives\" srcset=\"https:\/\/maelissfont.com\/wp-content\/uploads\/2017\/07\/festiveicons2-1-500x500.jpg 500w, https:\/\/maelissfont.com\/wp-content\/uploads\/2017\/07\/festiveicons2-1-300x300.jpg 300w, https:\/\/maelissfont.com\/wp-content\/uploads\/2017\/07\/festiveicons2-1-150x150.jpg 150w, https:\/\/maelissfont.com\/wp-content\/uploads\/2017\/07\/festiveicons2-1-768x768.jpg 768w, https:\/\/maelissfont.com\/wp-content\/uploads\/2017\/07\/festiveicons2-1-12x12.jpg 12w, https:\/\/maelissfont.com\/wp-content\/uploads\/2017\/07\/festiveicons2-1-100x100.jpg 100w, https:\/\/maelissfont.com\/wp-content\/uploads\/2017\/07\/festiveicons2-1.jpg 1000w\" sizes=\"(max-width: 500px) 100vw, 500px\" title=\"\"><h2 class=\"woocommerce-loop-product__title\">100 festive icons<\/h2>\n\t<span class=\"price\"><span class=\"woocommerce-Price-amount amount\"><bdi>10,00&nbsp;<span class=\"woocommerce-Price-currencySymbol\">&euro;<\/span><\/bdi><\/span><\/span>\n<\/a><div class=\"woocommerce-loop-product__buttons\"><a href=\"\/en\/wp-json\/wp\/v2\/pages\/7433?add-to-cart=7409\" aria-describedby=\"woocommerce_loop_add_to_cart_link_describedby_7409\" data-quantity=\"1\" class=\"button product_type_simple add_to_cart_button ajax_add_to_cart\" data-product_id=\"7409\" data-product_sku=\"\" aria-label=\"Add to basket: \u201c100 ic\u00f4nes festives\u201d\" rel=\"nofollow\" data-success_message=\"\u201c100 ic\u00f4nes festives\u201d has been added to your cart\" role=\"button\" data-no-translation=\"\" data-trp-gettext=\"\" data-no-translation-aria-label=\"\" data-no-translation-data-success_message=\"\">Add to basket<\/a><\/div>\t<span id=\"woocommerce_loop_add_to_cart_link_describedby_7409\" class=\"screen-reader-text\">\n\t\t\t<\/span>\n<\/li>\n<\/ul>\n<\/div>\t\t\t\t<\/div>\n\t\t\t\t<\/div>\n\t\t\t\t\t<\/div>\n\t\t\t\t<\/div>\n\t\t\t\t<\/div>","protected":false},"excerpt":{"rendered":"<p>Boutique en ligne \u00e0 Aurillac dans le Cantal. Retrouvez-y mes ressources pour cr\u00e9ateurs \u00e0 t\u00e9l\u00e9charger.<\/p>","protected":false},"author":1,"featured_media":0,"parent":5881,"menu_order":0,"comment_status":"closed","ping_status":"closed","template":"","meta":{"footnotes":""},"class_list":["post-7433","page","type-page","status-publish","hentry"],"_links":{"self":[{"href":"https:\/\/maelissfont.com\/en\/wp-json\/wp\/v2\/pages\/7433","targetHints":{"allow":["GET"]}}],"collection":[{"href":"https:\/\/maelissfont.com\/en\/wp-json\/wp\/v2\/pages"}],"about":[{"href":"https:\/\/maelissfont.com\/en\/wp-json\/wp\/v2\/types\/page"}],"author":[{"embeddable":true,"href":"https:\/\/maelissfont.com\/en\/wp-json\/wp\/v2\/users\/1"}],"replies":[{"embeddable":true,"href":"https:\/\/maelissfont.com\/en\/wp-json\/wp\/v2\/comments?post=7433"}],"version-history":[{"count":8,"href":"https:\/\/maelissfont.com\/en\/wp-json\/wp\/v2\/pages\/7433\/revisions"}],"predecessor-version":[{"id":7610,"href":"https:\/\/maelissfont.com\/en\/wp-json\/wp\/v2\/pages\/7433\/revisions\/7610"}],"up":[{"embeddable":true,"href":"https:\/\/maelissfont.com\/en\/wp-json\/wp\/v2\/pages\/5881"}],"wp:attachment":[{"href":"https:\/\/maelissfont.com\/en\/wp-json\/wp\/v2\/media?parent=7433"}],"curies":[{"name":"wp","href":"https:\/\/api.w.org\/{rel}","templated":true}]}}