{"id":7813,"date":"2023-12-06T15:48:15","date_gmt":"2023-12-06T14:48:15","guid":{"rendered":"https:\/\/maelissfont.com\/?page_id=7813"},"modified":"2026-02-18T15:37:03","modified_gmt":"2026-02-18T14:37:03","slug":"jeux","status":"publish","type":"page","link":"https:\/\/maelissfont.com\/en\/catalogue\/jeux\/","title":{"rendered":"Games &amp; cards"},"content":{"rendered":"<div data-elementor-type=\"wp-page\" data-elementor-id=\"7813\" class=\"elementor elementor-7813\" data-elementor-post-type=\"page\">\n\t\t\t\t<div class=\"elementor-element elementor-element-38b0f1d3 e-flex e-con-boxed e-con e-parent\" data-id=\"38b0f1d3\" data-element_type=\"container\" data-e-type=\"container\" data-settings=\"{&quot;background_background&quot;:&quot;classic&quot;}\">\n\t\t\t\t\t<div class=\"e-con-inner\">\n\t\t\t\t<div class=\"elementor-element elementor-element-39e17746 elementor-widget elementor-widget-heading\" data-id=\"39e17746\" data-element_type=\"widget\" data-e-type=\"widget\" data-widget_type=\"heading.default\">\n\t\t\t\t<div class=\"elementor-widget-container\">\n\t\t\t\t\t<h2 class=\"elementor-heading-title elementor-size-default\">Jeux &amp; cartes<\/h2>\t\t\t\t<\/div>\n\t\t\t\t<\/div>\n\t\t\t\t\t<\/div>\n\t\t\t\t<\/div>\n\t\t<div class=\"elementor-element elementor-element-6f5c9125 e-flex e-con-boxed e-con e-parent\" data-id=\"6f5c9125\" data-element_type=\"container\" data-e-type=\"container\">\n\t\t\t\t\t<div class=\"e-con-inner\">\n\t\t\t\t<div class=\"elementor-element elementor-element-5b354732 elementor-grid-4 elementor-grid-tablet-3 elementor-grid-mobile-2 elementor-products-grid elementor-wc-products elementor-widget elementor-widget-woocommerce-products\" data-id=\"5b354732\" data-element_type=\"widget\" data-e-type=\"widget\" data-widget_type=\"woocommerce-products.default\">\n\t\t\t\t<div class=\"elementor-widget-container\">\n\t\t\t\t\t<div class=\"woocommerce columns-4\"><div class=\"woocommerce-notices-wrapper\"><\/div><ul class=\"products elementor-grid columns-4\">\n<li class=\"product type-product post-8593 status-publish first instock product_cat-jeux has-post-thumbnail shipping-taxable purchasable product-type-simple\">\n\t<a href=\"https:\/\/maelissfont.com\/en\/product\/lucida-sidera-carte-aerith\/\" class=\"woocommerce-LoopProduct-link woocommerce-loop-product__link\"><img fetchpriority=\"high\" decoding=\"async\" width=\"500\" height=\"500\" src=\"https:\/\/maelissfont.com\/wp-content\/uploads\/2024\/11\/Aerithcard-500x500.webp\" class=\"attachment-woocommerce_thumbnail size-woocommerce_thumbnail\" alt=\"Lucida Sidera | Carte Aerith\" srcset=\"https:\/\/maelissfont.com\/wp-content\/uploads\/2024\/11\/Aerithcard-500x500.webp 500w, https:\/\/maelissfont.com\/wp-content\/uploads\/2024\/11\/Aerithcard-300x300.webp 300w, https:\/\/maelissfont.com\/wp-content\/uploads\/2024\/11\/Aerithcard-150x150.webp 150w, https:\/\/maelissfont.com\/wp-content\/uploads\/2024\/11\/Aerithcard-768x768.webp 768w, https:\/\/maelissfont.com\/wp-content\/uploads\/2024\/11\/Aerithcard-12x12.webp 12w, https:\/\/maelissfont.com\/wp-content\/uploads\/2024\/11\/Aerithcard-100x100.webp 100w, https:\/\/maelissfont.com\/wp-content\/uploads\/2024\/11\/Aerithcard.webp 985w\" sizes=\"(max-width: 500px) 100vw, 500px\" title=\"\"><h2 class=\"woocommerce-loop-product__title\">Lucida Sidera | Aerith card<\/h2>\n\t<span class=\"price\"><span class=\"woocommerce-Price-amount amount\"><bdi>2,50&nbsp;<span class=\"woocommerce-Price-currencySymbol\">&euro;<\/span><\/bdi><\/span><\/span>\n<\/a><div class=\"woocommerce-loop-product__buttons\"><a href=\"\/en\/wp-json\/wp\/v2\/pages\/7813?add-to-cart=8593\" aria-describedby=\"woocommerce_loop_add_to_cart_link_describedby_8593\" data-quantity=\"1\" class=\"button product_type_simple add_to_cart_button ajax_add_to_cart\" data-product_id=\"8593\" data-product_sku=\"\" aria-label=\"Add to basket: \u201cLucida Sidera | Carte Aerith\u201d\" rel=\"nofollow\" data-success_message=\"\u201cLucida Sidera | Carte Aerith\u201d has been added to your basket\" role=\"button\" data-no-translation=\"\" data-trp-gettext=\"\" data-no-translation-aria-label=\"\" data-no-translation-data-success_message=\"\">Add to basket<\/a><\/div>\t<span id=\"woocommerce_loop_add_to_cart_link_describedby_8593\" class=\"screen-reader-text\">\n\t\t\t<\/span>\n<\/li>\n<li class=\"product type-product post-7701 status-publish instock product_cat-jeux product_tag-deck-cartes has-post-thumbnail shipping-taxable purchasable product-type-simple\">\n\t<a href=\"https:\/\/maelissfont.com\/en\/product\/valerian-tarot\/\" class=\"woocommerce-LoopProduct-link woocommerce-loop-product__link\"><img decoding=\"async\" width=\"500\" height=\"500\" src=\"https:\/\/maelissfont.com\/wp-content\/uploads\/2024\/09\/5-500x500.jpg\" class=\"attachment-woocommerce_thumbnail size-woocommerce_thumbnail\" alt=\"Valerian Tarot\" srcset=\"https:\/\/maelissfont.com\/wp-content\/uploads\/2024\/09\/5-500x500.jpg 500w, https:\/\/maelissfont.com\/wp-content\/uploads\/2024\/09\/5-300x300.jpg 300w, https:\/\/maelissfont.com\/wp-content\/uploads\/2024\/09\/5-150x150.jpg 150w, https:\/\/maelissfont.com\/wp-content\/uploads\/2024\/09\/5-768x768.jpg 768w, https:\/\/maelissfont.com\/wp-content\/uploads\/2024\/09\/5-12x12.jpg 12w, https:\/\/maelissfont.com\/wp-content\/uploads\/2024\/09\/5-100x100.jpg 100w, https:\/\/maelissfont.com\/wp-content\/uploads\/2024\/09\/5.jpg 1000w\" sizes=\"(max-width: 500px) 100vw, 500px\" title=\"\"><h2 class=\"woocommerce-loop-product__title\">Valerian Tarot<\/h2>\n\t<span class=\"price\"><span class=\"woocommerce-Price-amount amount\"><bdi>22,50&nbsp;<span class=\"woocommerce-Price-currencySymbol\">&euro;<\/span><\/bdi><\/span><\/span>\n<\/a><div class=\"woocommerce-loop-product__buttons\"><a href=\"\/en\/wp-json\/wp\/v2\/pages\/7813?add-to-cart=7701\" aria-describedby=\"woocommerce_loop_add_to_cart_link_describedby_7701\" data-quantity=\"1\" class=\"button product_type_simple add_to_cart_button ajax_add_to_cart\" data-product_id=\"7701\" data-product_sku=\"\" aria-label=\"Add to basket: \u201cValerian Tarot\u201d\" rel=\"nofollow\" data-success_message=\"\u201cValerian Tarot\u201d has been added to your basket\" role=\"button\" data-no-translation=\"\" data-trp-gettext=\"\" data-no-translation-aria-label=\"\" data-no-translation-data-success_message=\"\">Add to basket<\/a><\/div>\t<span id=\"woocommerce_loop_add_to_cart_link_describedby_7701\" class=\"screen-reader-text\">\n\t\t\t<\/span>\n<\/li>\n<\/ul>\n<\/div>\t\t\t\t<\/div>\n\t\t\t\t<\/div>\n\t\t\t\t\t<\/div>\n\t\t\t\t<\/div>\n\t\t\t\t<\/div>","protected":false},"excerpt":{"rendered":"<p>Vous trouverez ici mes jeux de cartes, jeux de soci\u00e9t\u00e9, tarots, tous illustr\u00e9s par mes soins et disponibles dans ma boutique en ligne.<\/p>","protected":false},"author":1,"featured_media":0,"parent":5881,"menu_order":0,"comment_status":"closed","ping_status":"closed","template":"","meta":{"footnotes":""},"class_list":["post-7813","page","type-page","status-publish","hentry"],"_links":{"self":[{"href":"https:\/\/maelissfont.com\/en\/wp-json\/wp\/v2\/pages\/7813","targetHints":{"allow":["GET"]}}],"collection":[{"href":"https:\/\/maelissfont.com\/en\/wp-json\/wp\/v2\/pages"}],"about":[{"href":"https:\/\/maelissfont.com\/en\/wp-json\/wp\/v2\/types\/page"}],"author":[{"embeddable":true,"href":"https:\/\/maelissfont.com\/en\/wp-json\/wp\/v2\/users\/1"}],"replies":[{"embeddable":true,"href":"https:\/\/maelissfont.com\/en\/wp-json\/wp\/v2\/comments?post=7813"}],"version-history":[{"count":16,"href":"https:\/\/maelissfont.com\/en\/wp-json\/wp\/v2\/pages\/7813\/revisions"}],"predecessor-version":[{"id":9483,"href":"https:\/\/maelissfont.com\/en\/wp-json\/wp\/v2\/pages\/7813\/revisions\/9483"}],"up":[{"embeddable":true,"href":"https:\/\/maelissfont.com\/en\/wp-json\/wp\/v2\/pages\/5881"}],"wp:attachment":[{"href":"https:\/\/maelissfont.com\/en\/wp-json\/wp\/v2\/media?parent=7813"}],"curies":[{"name":"wp","href":"https:\/\/api.w.org\/{rel}","templated":true}]}}