{"id":243,"date":"2023-06-20T07:16:56","date_gmt":"2023-06-20T05:16:56","guid":{"rendered":"https:\/\/maelissfont.com\/index.php\/product\/pulses-from-organic-farm\/"},"modified":"2024-10-04T23:40:56","modified_gmt":"2024-10-04T21:40:56","slug":"lured-into-grove","status":"publish","type":"product","link":"https:\/\/maelissfont.com\/en\/product\/lured-into-grove\/","title":{"rendered":"Lured into the grove &#8211; A4 Riso print"},"content":{"rendered":"<p>Lured into the grove, a young woman encounters a sinister beauty under an orange moon.<\/p>\n<p>This print is from a limited riso series and will not be reprinted. Illustrations printed in riso have a unique texture and feeling, and the colours and overlay vary very slightly from one print to the other.<\/p>\n<ul>\n<li>3 colour riso print (Hunter Green, Mint and Orange) on Metapaper 270g<\/li>\n<li>A4 (210 mm \u00d7 297 mm)<\/li>\n<li>Shipped with a plastic protection within a kraft enveloppe<\/li>\n<\/ul>","protected":false},"excerpt":{"rendered":"<p>Lured into the grove, a young woman encounters a sinister beauty under an orange moon.<\/p>\n<p>Ce tirage fait partie d\u2019une \u00e9dition limit\u00e9e en riso et ne sera pas r\u00e9-imprim\u00e9. Du fait de la technique d\u2019impression en risographie, chaque tirage est unique et poss\u00e8de des nuances singuli\u00e8res dans la variation et l\u2019intensit\u00e9 des couleurs.<\/p>\n<ul>\n<li>Impression risographie 3 couleurs sur papier Metapaper 270g<\/li>\n<li>A4 (210 mm \u00d7 297 mm)<\/li>\n<li>Shipped with a plastic protection within a kraft enveloppe<\/li>\n<\/ul>","protected":false},"featured_media":8217,"comment_status":"open","ping_status":"closed","template":"","meta":[],"product_brand":[],"product_cat":[37],"product_tag":[96,82,81,83,49,80],"class_list":{"0":"post-243","1":"product","2":"type-product","3":"status-publish","4":"has-post-thumbnail","6":"product_cat-prints","7":"product_tag-a4-print","8":"product_tag-lgbt","9":"product_tag-queer","10":"product_tag-riso","11":"product_tag-risographie","12":"product_tag-vampire","13":"product_shipping_class-a4-package","15":"first","16":"instock","17":"featured","18":"shipping-taxable","19":"purchasable","20":"product-type-simple"},"_links":{"self":[{"href":"https:\/\/maelissfont.com\/en\/wp-json\/wp\/v2\/product\/243","targetHints":{"allow":["GET"]}}],"collection":[{"href":"https:\/\/maelissfont.com\/en\/wp-json\/wp\/v2\/product"}],"about":[{"href":"https:\/\/maelissfont.com\/en\/wp-json\/wp\/v2\/types\/product"}],"replies":[{"embeddable":true,"href":"https:\/\/maelissfont.com\/en\/wp-json\/wp\/v2\/comments?post=243"}],"wp:featuredmedia":[{"embeddable":true,"href":"https:\/\/maelissfont.com\/en\/wp-json\/wp\/v2\/media\/8217"}],"wp:attachment":[{"href":"https:\/\/maelissfont.com\/en\/wp-json\/wp\/v2\/media?parent=243"}],"wp:term":[{"taxonomy":"product_brand","embeddable":true,"href":"https:\/\/maelissfont.com\/en\/wp-json\/wp\/v2\/product_brand?post=243"},{"taxonomy":"product_cat","embeddable":true,"href":"https:\/\/maelissfont.com\/en\/wp-json\/wp\/v2\/product_cat?post=243"},{"taxonomy":"product_tag","embeddable":true,"href":"https:\/\/maelissfont.com\/en\/wp-json\/wp\/v2\/product_tag?post=243"}],"curies":[{"name":"wp","href":"https:\/\/api.w.org\/{rel}","templated":true}]}}