{"id":7256,"date":"2023-07-19T12:46:52","date_gmt":"2023-07-19T10:46:52","guid":{"rendered":"https:\/\/maelissfont.com\/?post_type=product&#038;p=7256"},"modified":"2024-10-04T23:40:27","modified_gmt":"2024-10-04T21:40:27","slug":"tristram-iseult","status":"publish","type":"product","link":"https:\/\/maelissfont.com\/en\/product\/tristram-iseult\/","title":{"rendered":"Tristan and Iseult"},"content":{"rendered":"<p>This illustration depicts the 4 key events in the legend of the Arthurian knight Tristan and his beloved Iseult: their meeting, sharing the potion, the affair and betrayal of King mark and Tristan's loss of mind.<\/p>\n<p>This illustration is printed in my workshop.<\/p>\n<ul>\n<li>CMYK print on 220g Matte paper<\/li>\n<li>150 mm \u00d7 297 mm<\/li>\n<li>Shipped with a plastic protection within a kraft enveloppe<\/li>\n<\/ul>","protected":false},"excerpt":{"rendered":"<p>Cette illustration repr\u00e9sente les 4 \u00e9tapes cl\u00e9s de la l\u00e9gende du chevalier Tristan et de sa bien-aim\u00e9e Iseult : leur rencontre, le philtre d&rsquo;amour qui les lie, leur liaison et leur trahison du roi Mark et la folie dans laquelle Tristan sombre. Chaque chapitre de leur aventure est caract\u00e9ris\u00e9e par une palette chromatique limit\u00e9 qui cr\u00e9\u00e9e un ensemble lumineux.<\/p>\n<p>This illustration is printed in my workshop.<\/p>\n<ul>\n<li>CMYK print on 189g Matte paper<\/li>\n<li>150 mm x 297 mm<\/li>\n<li>Shipped with a plastic protection within a kraft enveloppe<\/li>\n<\/ul>","protected":false},"featured_media":8364,"comment_status":"closed","ping_status":"closed","template":"","meta":[],"product_brand":[],"product_cat":[37],"product_tag":[96],"class_list":{"0":"post-7256","1":"product","2":"type-product","3":"status-publish","4":"has-post-thumbnail","6":"product_cat-prints","7":"product_tag-a4-print","8":"product_shipping_class-a4-package","10":"first","11":"instock","12":"shipping-taxable","13":"purchasable","14":"product-type-simple"},"_links":{"self":[{"href":"https:\/\/maelissfont.com\/en\/wp-json\/wp\/v2\/product\/7256","targetHints":{"allow":["GET"]}}],"collection":[{"href":"https:\/\/maelissfont.com\/en\/wp-json\/wp\/v2\/product"}],"about":[{"href":"https:\/\/maelissfont.com\/en\/wp-json\/wp\/v2\/types\/product"}],"replies":[{"embeddable":true,"href":"https:\/\/maelissfont.com\/en\/wp-json\/wp\/v2\/comments?post=7256"}],"wp:featuredmedia":[{"embeddable":true,"href":"https:\/\/maelissfont.com\/en\/wp-json\/wp\/v2\/media\/8364"}],"wp:attachment":[{"href":"https:\/\/maelissfont.com\/en\/wp-json\/wp\/v2\/media?parent=7256"}],"wp:term":[{"taxonomy":"product_brand","embeddable":true,"href":"https:\/\/maelissfont.com\/en\/wp-json\/wp\/v2\/product_brand?post=7256"},{"taxonomy":"product_cat","embeddable":true,"href":"https:\/\/maelissfont.com\/en\/wp-json\/wp\/v2\/product_cat?post=7256"},{"taxonomy":"product_tag","embeddable":true,"href":"https:\/\/maelissfont.com\/en\/wp-json\/wp\/v2\/product_tag?post=7256"}],"curies":[{"name":"wp","href":"https:\/\/api.w.org\/{rel}","templated":true}]}}