{"id":7442,"date":"2017-07-27T17:22:55","date_gmt":"2017-07-27T15:22:55","guid":{"rendered":"https:\/\/maelissfont.com\/?post_type=product&#038;p=7442"},"modified":"2024-09-20T08:28:52","modified_gmt":"2024-09-20T06:28:52","slug":"100-icones-romantiques","status":"publish","type":"product","link":"https:\/\/maelissfont.com\/en\/product\/100-icones-romantiques\/","title":{"rendered":"100 romantic icons"},"content":{"rendered":"<p>Set d&rsquo;ic\u00f4nes contenant 300 \u00e9l\u00e9ments : 100 ic\u00f4nes lin\u00e9aires noires, 100 ic\u00f4nes lin\u00e9aires blanches, 100 ic\u00f4nes color\u00e9es.<\/p>\n<p>Note That this is a DIGITAL product to be downloaded, no physical product will be sent to you. You will be able to download:<\/p>\n<p>&nbsp;<\/p>\n<p><strong>100 romantic icons \u2013 black outlines\u00a0<\/strong><\/p>\n<ul>\n<li>Master Adobe Illustrator File<\/li>\n<li>Individual PNG Files<\/li>\n<li>Individual SVG Files<\/li>\n<\/ul>\n<p>&nbsp;<\/p>\n<p><strong>100 romantic icons \u2013 white outlines<\/strong><\/p>\n<ul>\n<li>Master Adobe Illustrator File<\/li>\n<li>Individual PNG Files<\/li>\n<li>Individual SVG Files<\/li>\n<\/ul>\n<p>&nbsp;<\/p>\n<p><strong>100 romantic icons \u2013 coloured<\/strong><\/p>\n<ul>\n<li>Master Adobe Illustrator File<\/li>\n<li>Individual PNG Files<\/li>\n<li>Individual SVG Files<\/li>\n<\/ul>\n<p>&nbsp;<\/p>\n<p>L&rsquo;achat de cet article autorise un usage commercial limit\u00e9. Vous pouvez l&rsquo;utiliser pour des projets personnels et commerciaux. Cependant, cette licence ne permet pas au consommateur \u00e0 redistribuer les \u00e9l\u00e9ments, \u00e0 les revendre, m\u00eame avec modifications.<\/p>","protected":false},"excerpt":{"rendered":"<p>Set d&rsquo;ic\u00f4nes contenant 300 \u00e9l\u00e9ments : 100 ic\u00f4nes lin\u00e9aires noires, 100 ic\u00f4nes lin\u00e9aires blanches, 100 ic\u00f4nes color\u00e9es.<\/p>","protected":false},"featured_media":8406,"comment_status":"closed","ping_status":"closed","template":"","meta":[],"product_brand":[],"product_cat":[87],"product_tag":[],"class_list":{"0":"post-7442","1":"product","2":"type-product","3":"status-publish","4":"has-post-thumbnail","6":"product_cat-ressources","8":"first","9":"instock","10":"downloadable","11":"virtual","12":"purchasable","13":"product-type-simple"},"_links":{"self":[{"href":"https:\/\/maelissfont.com\/en\/wp-json\/wp\/v2\/product\/7442","targetHints":{"allow":["GET"]}}],"collection":[{"href":"https:\/\/maelissfont.com\/en\/wp-json\/wp\/v2\/product"}],"about":[{"href":"https:\/\/maelissfont.com\/en\/wp-json\/wp\/v2\/types\/product"}],"replies":[{"embeddable":true,"href":"https:\/\/maelissfont.com\/en\/wp-json\/wp\/v2\/comments?post=7442"}],"wp:featuredmedia":[{"embeddable":true,"href":"https:\/\/maelissfont.com\/en\/wp-json\/wp\/v2\/media\/8406"}],"wp:attachment":[{"href":"https:\/\/maelissfont.com\/en\/wp-json\/wp\/v2\/media?parent=7442"}],"wp:term":[{"taxonomy":"product_brand","embeddable":true,"href":"https:\/\/maelissfont.com\/en\/wp-json\/wp\/v2\/product_brand?post=7442"},{"taxonomy":"product_cat","embeddable":true,"href":"https:\/\/maelissfont.com\/en\/wp-json\/wp\/v2\/product_cat?post=7442"},{"taxonomy":"product_tag","embeddable":true,"href":"https:\/\/maelissfont.com\/en\/wp-json\/wp\/v2\/product_tag?post=7442"}],"curies":[{"name":"wp","href":"https:\/\/api.w.org\/{rel}","templated":true}]}}