{"id":7701,"date":"2023-11-10T21:02:11","date_gmt":"2023-11-10T20:02:11","guid":{"rendered":"https:\/\/maelissfont.com\/?post_type=product&#038;p=7701"},"modified":"2026-01-14T09:34:06","modified_gmt":"2026-01-14T08:34:06","slug":"valerian-tarot","status":"publish","type":"product","link":"https:\/\/maelissfont.com\/en\/product\/valerian-tarot\/","title":{"rendered":"Valerian Tarot"},"content":{"rendered":"<p>The Valerian Tarot is a non-official Tactics Ogre fan deck featuring its characters and narrative themes according to the theme of a re-invented Major Arcana.<\/p>\n<p>While you may play with this tarot deck, you ought be aware only the major Arcana is present and it does not come with a guide.<\/p>\n<p>Limited stocks.<\/p>\n<ul>\n<li>22 character cards featuring the Major Arcana<\/li>\n<li>Cards in English<\/li>\n<li>Dimensions (cards): 70 x 120 mm<\/li>\n<li>Printed on white core recycled paper<\/li>\n<li>Printed in Italy<\/li>\n<\/ul>","protected":false},"excerpt":{"rendered":"<p>Le tarot Val\u00e9rien est un fan-deck de 22 cartes repr\u00e9sentant les personnages et th\u00e8mes narratifs de Tactics Ogre : Let Us Cling Together sur la base d&rsquo;une Arcane Majeure r\u00e9-imagin\u00e9e. Bien qu&rsquo;il soit possible pour les adeptes de cartomancie de jouer avec ce Tarot, seule l&rsquo;Arcane Majeure est pr\u00e9sente et il n&rsquo;est pas accompagn\u00e9 d&rsquo;un [&hellip;]<\/p>\n","protected":false},"featured_media":8456,"comment_status":"closed","ping_status":"closed","template":"","meta":[],"product_brand":[],"product_cat":[103],"product_tag":[99],"class_list":{"0":"post-7701","1":"product","2":"type-product","3":"status-publish","4":"has-post-thumbnail","6":"product_cat-jeux","7":"product_tag-deck-cartes","8":"product_shipping_class-stickers","10":"first","11":"instock","12":"shipping-taxable","13":"purchasable","14":"product-type-simple"},"_links":{"self":[{"href":"https:\/\/maelissfont.com\/en\/wp-json\/wp\/v2\/product\/7701","targetHints":{"allow":["GET"]}}],"collection":[{"href":"https:\/\/maelissfont.com\/en\/wp-json\/wp\/v2\/product"}],"about":[{"href":"https:\/\/maelissfont.com\/en\/wp-json\/wp\/v2\/types\/product"}],"replies":[{"embeddable":true,"href":"https:\/\/maelissfont.com\/en\/wp-json\/wp\/v2\/comments?post=7701"}],"wp:featuredmedia":[{"embeddable":true,"href":"https:\/\/maelissfont.com\/en\/wp-json\/wp\/v2\/media\/8456"}],"wp:attachment":[{"href":"https:\/\/maelissfont.com\/en\/wp-json\/wp\/v2\/media?parent=7701"}],"wp:term":[{"taxonomy":"product_brand","embeddable":true,"href":"https:\/\/maelissfont.com\/en\/wp-json\/wp\/v2\/product_brand?post=7701"},{"taxonomy":"product_cat","embeddable":true,"href":"https:\/\/maelissfont.com\/en\/wp-json\/wp\/v2\/product_cat?post=7701"},{"taxonomy":"product_tag","embeddable":true,"href":"https:\/\/maelissfont.com\/en\/wp-json\/wp\/v2\/product_tag?post=7701"}],"curies":[{"name":"wp","href":"https:\/\/api.w.org\/{rel}","templated":true}]}}