{"id":7702,"date":"2023-10-25T08:22:14","date_gmt":"2023-10-25T06:22:14","guid":{"rendered":"https:\/\/maelissfont.com\/?post_type=product&#038;p=7702"},"modified":"2024-10-04T23:21:31","modified_gmt":"2024-10-04T21:21:31","slug":"valerian-tarot-print","status":"publish","type":"product","link":"https:\/\/maelissfont.com\/en\/product\/valerian-tarot-print\/","title":{"rendered":"Valerian Tarot: single print"},"content":{"rendered":"<p>Offrez-vous un tirage format 295 x 180 mm d&rsquo;une illustration issu du deck \u00ab\u00a0Valerian Tarot\u00a0\u00bb au choix !<br \/>\nVous pouvez choisir entre les 22 cartes du jeu (de la carte \u00ab\u00a00 The Fool\u00a0\u00bb jusqu&rsquo;\u00e0 \u00ab\u00a0XXI The World\u00a0\u00bb).<\/p>\n<p>Ces illustrations sont imprim\u00e9es et d\u00e9coup\u00e9s e par mes soins, dans mon atelier.<\/p>\n<ul>\n<li>CMYK print on 189g Matte paper<\/li>\n<li>295 mm x 180 mm<\/li>\n<li>Card titles in English<br \/>\n(contact me for a print of a version without title or a version translated in French)<\/li>\n<li>Shipped with a plastic protection within a kraft enveloppe<\/li>\n<\/ul>\n<p>&nbsp;<\/p>\n<p><strong>Le deck complet de cartes n&rsquo;est pas inclus dans cet article, seulement un tirage d&rsquo;une des illustrations \u00e0 un format sup\u00e9rieur \u00e0 celui des cartes. Vous pouvez vous procurer le deck de carte complet <a href=\"https:\/\/maelissfont.com\/en\/product\/valerian-tarot\/\">here<\/a>.<\/strong><\/p>","protected":false},"excerpt":{"rendered":"<p>Offrez-vous un tirage format 295 x 180 mm d&rsquo;une illustration issu du deck \u00ab\u00a0Valerian Tarot\u00a0\u00bb au choix ! Vous pouvez choisir entre les 22 cartes du jeu (de la carte \u00ab\u00a00 The Fool\u00a0\u00bb jusqu&rsquo;\u00e0 \u00ab\u00a0XXI The World\u00a0\u00bb). Ces illustrations sont imprim\u00e9es et d\u00e9coup\u00e9s e par mes soins, dans mon atelier. Impression CMJN sur papier Mat [&hellip;]<\/p>\n","protected":false},"featured_media":8427,"comment_status":"closed","ping_status":"closed","template":"","meta":[],"product_brand":[],"product_cat":[37],"product_tag":[96],"class_list":{"0":"post-7702","1":"product","2":"type-product","3":"status-publish","4":"has-post-thumbnail","6":"product_cat-prints","7":"product_tag-a4-print","8":"product_shipping_class-a4-package","10":"first","11":"instock","12":"shipping-taxable","13":"purchasable","14":"product-type-variable"},"_links":{"self":[{"href":"https:\/\/maelissfont.com\/en\/wp-json\/wp\/v2\/product\/7702","targetHints":{"allow":["GET"]}}],"collection":[{"href":"https:\/\/maelissfont.com\/en\/wp-json\/wp\/v2\/product"}],"about":[{"href":"https:\/\/maelissfont.com\/en\/wp-json\/wp\/v2\/types\/product"}],"replies":[{"embeddable":true,"href":"https:\/\/maelissfont.com\/en\/wp-json\/wp\/v2\/comments?post=7702"}],"wp:featuredmedia":[{"embeddable":true,"href":"https:\/\/maelissfont.com\/en\/wp-json\/wp\/v2\/media\/8427"}],"wp:attachment":[{"href":"https:\/\/maelissfont.com\/en\/wp-json\/wp\/v2\/media?parent=7702"}],"wp:term":[{"taxonomy":"product_brand","embeddable":true,"href":"https:\/\/maelissfont.com\/en\/wp-json\/wp\/v2\/product_brand?post=7702"},{"taxonomy":"product_cat","embeddable":true,"href":"https:\/\/maelissfont.com\/en\/wp-json\/wp\/v2\/product_cat?post=7702"},{"taxonomy":"product_tag","embeddable":true,"href":"https:\/\/maelissfont.com\/en\/wp-json\/wp\/v2\/product_tag?post=7702"}],"curies":[{"name":"wp","href":"https:\/\/api.w.org\/{rel}","templated":true}]}}