{"id":7906,"date":"2024-02-02T10:04:48","date_gmt":"2024-02-02T09:04:48","guid":{"rendered":"https:\/\/maelissfont.com\/?post_type=product&#038;p=7906"},"modified":"2024-10-04T23:17:48","modified_gmt":"2024-10-04T21:17:48","slug":"collection-riso-prints-vampire","status":"publish","type":"product","link":"https:\/\/maelissfont.com\/en\/product\/collection-riso-prints-vampire\/","title":{"rendered":"RISO prints set \"Vampire\""},"content":{"rendered":"<p>This set contains 3 risograph printed illustrations.<\/p>\n<p>You may find each illustration separately below:<\/p>\n<ol>\n<li><a href=\"https:\/\/maelissfont.com\/en\/product\/lured-into-grove\/\">\u00ab\u00a0Lured into the grove\u00a0\u00bb (Hunter green, Mint, Orange)<\/a><\/li>\n<li><a href=\"https:\/\/maelissfont.com\/en\/product\/mallows-riso-print\/\">\u00ab\u00a0Mallows drenched with death\u00a0\u00bb (Noir, Teal, Rose fluorescent)<\/a><\/li>\n<li><a href=\"https:\/\/maelissfont.com\/en\/product\/above-clavicle\/\">\u00ab\u00a0Above the clavicle\u00a0\u00bb (Bleu, Rouge fluorescent)<\/a><\/li>\n<\/ol>\n<p>&nbsp;<\/p>\n<p>These prints are part of a limited riso series and will not be reprinted. Illustrations printed in riso have a unique texture and feeling, and the colours and overlay vary very slightly from one print to the other.<\/p>\n<ul>\n<li>Risoprinted on Metapaper 270g<\/li>\n<li>Illustration 3 colours (Hunter green, Mint, Orange) | Illustration 3 colours (Black, Teal, Fluorescent pink) | Illustration 2 colours (Blue, Fluorescent red)<\/li>\n<li>A4 (210 mm \u00d7 297 mm)<\/li>\n<li>Shipped with a plastic protection within a kraft enveloppe<\/li>\n<\/ul>","protected":false},"excerpt":{"rendered":"<p>This set contains 3 risograph printed illustrations.<\/p>\n<p>You may find each illustration separately below:<\/p>\n<ol>\n<li><a href=\"https:\/\/maelissfont.com\/en\/product\/lured-into-grove\/\">\u00ab\u00a0Lured into the grove\u00a0\u00bb (Hunter green, Mint, Orange)<\/a><\/li>\n<li><a href=\"https:\/\/maelissfont.com\/en\/product\/mallows-riso-print\/\">\u00ab\u00a0Mallows drenched with death\u00a0\u00bb (Noir, Teal, Rose fluorescent)<\/a><\/li>\n<li><a href=\"https:\/\/maelissfont.com\/en\/product\/above-clavicle\/\">\u00ab\u00a0Above the clavicle\u00a0\u00bb (Bleu, Rouge fluorescent)<\/a><\/li>\n<\/ol>\n<p>Ce tirages font partie d\u2019une \u00e9dition limit\u00e9e en risographie et ne seront pas r\u00e9-imprim\u00e9s. Du fait de la technique d\u2019impression en risographie, chaque tirage est unique et poss\u00e8de des nuances singuli\u00e8res dans la variation et l\u2019intensit\u00e9 des couleurs.<\/p>\n<ul>\n<li>Risoprinted on Metapaper 270g<\/li>\n<li>Illustration 3 colours (Hunter green, Mint, Orange) | Illustration 3 colours (Black, Teal, Fluorescent pink) | Illustration 2 colours (Blue, Fluorescent red)<\/li>\n<li>A4 (210 mm \u00d7 297 mm)<\/li>\n<li>Shipped with a plastic protection within a kraft enveloppe<\/li>\n<\/ul>","protected":false},"featured_media":8494,"comment_status":"open","ping_status":"closed","template":"","meta":[],"product_brand":[],"product_cat":[37],"product_tag":[96,82,81,83,49,80],"class_list":{"0":"post-7906","1":"product","2":"type-product","3":"status-publish","4":"has-post-thumbnail","6":"product_cat-prints","7":"product_tag-a4-print","8":"product_tag-lgbt","9":"product_tag-queer","10":"product_tag-riso","11":"product_tag-risographie","12":"product_tag-vampire","13":"product_shipping_class-a4-package","15":"first","16":"instock","17":"featured","18":"shipping-taxable","19":"purchasable","20":"product-type-simple"},"_links":{"self":[{"href":"https:\/\/maelissfont.com\/en\/wp-json\/wp\/v2\/product\/7906","targetHints":{"allow":["GET"]}}],"collection":[{"href":"https:\/\/maelissfont.com\/en\/wp-json\/wp\/v2\/product"}],"about":[{"href":"https:\/\/maelissfont.com\/en\/wp-json\/wp\/v2\/types\/product"}],"replies":[{"embeddable":true,"href":"https:\/\/maelissfont.com\/en\/wp-json\/wp\/v2\/comments?post=7906"}],"wp:featuredmedia":[{"embeddable":true,"href":"https:\/\/maelissfont.com\/en\/wp-json\/wp\/v2\/media\/8494"}],"wp:attachment":[{"href":"https:\/\/maelissfont.com\/en\/wp-json\/wp\/v2\/media?parent=7906"}],"wp:term":[{"taxonomy":"product_brand","embeddable":true,"href":"https:\/\/maelissfont.com\/en\/wp-json\/wp\/v2\/product_brand?post=7906"},{"taxonomy":"product_cat","embeddable":true,"href":"https:\/\/maelissfont.com\/en\/wp-json\/wp\/v2\/product_cat?post=7906"},{"taxonomy":"product_tag","embeddable":true,"href":"https:\/\/maelissfont.com\/en\/wp-json\/wp\/v2\/product_tag?post=7906"}],"curies":[{"name":"wp","href":"https:\/\/api.w.org\/{rel}","templated":true}]}}