{"id":8136,"date":"2024-07-17T17:30:21","date_gmt":"2024-07-17T15:30:21","guid":{"rendered":"https:\/\/maelissfont.com\/?post_type=product&#038;p=8136"},"modified":"2025-04-04T09:34:59","modified_gmt":"2025-04-04T07:34:59","slug":"prise-au-piege-a3","status":"publish","type":"product","link":"https:\/\/maelissfont.com\/en\/product\/prise-au-piege-a3\/","title":{"rendered":"Ambushed by mermaids | A3"},"content":{"rendered":"<p>Illustration of a knight ambushed by 3 mermaids.<\/p>\n<p>This illustration is printed in my workshop.<\/p>\n<ul>\n<li>CMYK print on 260g Matte paper<\/li>\n<li>A3 format<\/li>\n<li>Shipped with a plastic protection within a kraft enveloppe<\/li>\n<\/ul>","protected":false},"excerpt":{"rendered":"<p>Illustration d&rsquo;une chevaleresse embusqu\u00e9e par trois sir\u00e8nes. Cette illustration est imprim\u00e9e et d\u00e9coup\u00e9e par mes soins, dans mon atelier. Impression CMJN sur papier Mat 260g Format A3 Livr\u00e9e sous enveloppe kraft avec protection plastique<\/p>","protected":false},"featured_media":8038,"comment_status":"closed","ping_status":"closed","template":"","meta":[],"product_brand":[],"product_cat":[37],"product_tag":[112,82],"class_list":{"0":"post-8136","1":"product","2":"type-product","3":"status-publish","4":"has-post-thumbnail","6":"product_cat-prints","7":"product_tag-a3-print","8":"product_tag-lgbt","9":"product_shipping_class-a3-letter","11":"first","12":"instock","13":"shipping-taxable","14":"purchasable","15":"product-type-simple"},"_links":{"self":[{"href":"https:\/\/maelissfont.com\/en\/wp-json\/wp\/v2\/product\/8136","targetHints":{"allow":["GET"]}}],"collection":[{"href":"https:\/\/maelissfont.com\/en\/wp-json\/wp\/v2\/product"}],"about":[{"href":"https:\/\/maelissfont.com\/en\/wp-json\/wp\/v2\/types\/product"}],"replies":[{"embeddable":true,"href":"https:\/\/maelissfont.com\/en\/wp-json\/wp\/v2\/comments?post=8136"}],"wp:featuredmedia":[{"embeddable":true,"href":"https:\/\/maelissfont.com\/en\/wp-json\/wp\/v2\/media\/8038"}],"wp:attachment":[{"href":"https:\/\/maelissfont.com\/en\/wp-json\/wp\/v2\/media?parent=8136"}],"wp:term":[{"taxonomy":"product_brand","embeddable":true,"href":"https:\/\/maelissfont.com\/en\/wp-json\/wp\/v2\/product_brand?post=8136"},{"taxonomy":"product_cat","embeddable":true,"href":"https:\/\/maelissfont.com\/en\/wp-json\/wp\/v2\/product_cat?post=8136"},{"taxonomy":"product_tag","embeddable":true,"href":"https:\/\/maelissfont.com\/en\/wp-json\/wp\/v2\/product_tag?post=8136"}],"curies":[{"name":"wp","href":"https:\/\/api.w.org\/{rel}","templated":true}]}}