{"id":8288,"date":"2024-09-02T16:38:22","date_gmt":"2024-09-02T14:38:22","guid":{"rendered":"https:\/\/maelissfont.com\/?post_type=product&#038;p=8288"},"modified":"2025-04-04T09:33:28","modified_gmt":"2025-04-04T07:33:28","slug":"the-curtain-rises","status":"publish","type":"product","link":"https:\/\/maelissfont.com\/en\/product\/the-curtain-rises\/","title":{"rendered":"The Curtain Rises"},"content":{"rendered":"<p>This illustration is printed in my workshop.<\/p>\n<ul>\n<li>CMYK print on 260g Matte paper<\/li>\n<li>29,5 x 38 cm<\/li>\n<li>Shipped with a plastic protection within a kraft enveloppe<\/li>\n<\/ul>","protected":false},"excerpt":{"rendered":"<p>Cette illustration est imprim\u00e9e et d\u00e9coup\u00e9e par mes soins, dans mon atelier. Impression CMJN sur papier Mat 260g Format 29,5 x 38 cm Livr\u00e9e sous enveloppe kraft avec protection plastique<\/p>","protected":false},"featured_media":8289,"comment_status":"closed","ping_status":"closed","template":"","meta":[],"product_brand":[],"product_cat":[37],"product_tag":[112],"class_list":{"0":"post-8288","1":"product","2":"type-product","3":"status-publish","4":"has-post-thumbnail","6":"product_cat-prints","7":"product_tag-a3-print","8":"product_shipping_class-a3-letter","10":"first","11":"instock","12":"shipping-taxable","13":"purchasable","14":"product-type-simple"},"_links":{"self":[{"href":"https:\/\/maelissfont.com\/en\/wp-json\/wp\/v2\/product\/8288","targetHints":{"allow":["GET"]}}],"collection":[{"href":"https:\/\/maelissfont.com\/en\/wp-json\/wp\/v2\/product"}],"about":[{"href":"https:\/\/maelissfont.com\/en\/wp-json\/wp\/v2\/types\/product"}],"replies":[{"embeddable":true,"href":"https:\/\/maelissfont.com\/en\/wp-json\/wp\/v2\/comments?post=8288"}],"wp:featuredmedia":[{"embeddable":true,"href":"https:\/\/maelissfont.com\/en\/wp-json\/wp\/v2\/media\/8289"}],"wp:attachment":[{"href":"https:\/\/maelissfont.com\/en\/wp-json\/wp\/v2\/media?parent=8288"}],"wp:term":[{"taxonomy":"product_brand","embeddable":true,"href":"https:\/\/maelissfont.com\/en\/wp-json\/wp\/v2\/product_brand?post=8288"},{"taxonomy":"product_cat","embeddable":true,"href":"https:\/\/maelissfont.com\/en\/wp-json\/wp\/v2\/product_cat?post=8288"},{"taxonomy":"product_tag","embeddable":true,"href":"https:\/\/maelissfont.com\/en\/wp-json\/wp\/v2\/product_tag?post=8288"}],"curies":[{"name":"wp","href":"https:\/\/api.w.org\/{rel}","templated":true}]}}