{"id":8593,"date":"2024-11-08T14:38:03","date_gmt":"2024-11-08T13:38:03","guid":{"rendered":"https:\/\/maelissfont.com\/?post_type=product&#038;p=8593"},"modified":"2025-12-10T13:34:28","modified_gmt":"2025-12-10T12:34:28","slug":"lucida-sidera-carte-aerith","status":"publish","type":"product","link":"https:\/\/maelissfont.com\/en\/product\/lucida-sidera-carte-aerith\/","title":{"rendered":"Lucida Sidera | Aerith card"},"content":{"rendered":"<p>This card is part of a small leftover stock from the Lucida Sidera zine.<\/p>\n<ul>\n<li>6,5cm x 9cm<\/li>\n<li>Shipped within a small enveloppe with light protection.<\/li>\n<\/ul>","protected":false},"excerpt":{"rendered":"<p>Cette carte fait partie d&rsquo;un petit stock restant du deck du zine Lucida Sidera. Dimensions : 6,5cm x 9cm Livr\u00e9e dans une enveloppe avec protection l\u00e9g\u00e8re.<\/p>","protected":false},"featured_media":8595,"comment_status":"closed","ping_status":"closed","template":"","meta":[],"product_brand":[],"product_cat":[103],"product_tag":[],"class_list":{"0":"post-8593","1":"product","2":"type-product","3":"status-publish","4":"has-post-thumbnail","6":"product_cat-jeux","7":"product_shipping_class-stickers","9":"first","10":"instock","11":"shipping-taxable","12":"purchasable","13":"product-type-simple"},"_links":{"self":[{"href":"https:\/\/maelissfont.com\/en\/wp-json\/wp\/v2\/product\/8593","targetHints":{"allow":["GET"]}}],"collection":[{"href":"https:\/\/maelissfont.com\/en\/wp-json\/wp\/v2\/product"}],"about":[{"href":"https:\/\/maelissfont.com\/en\/wp-json\/wp\/v2\/types\/product"}],"replies":[{"embeddable":true,"href":"https:\/\/maelissfont.com\/en\/wp-json\/wp\/v2\/comments?post=8593"}],"wp:featuredmedia":[{"embeddable":true,"href":"https:\/\/maelissfont.com\/en\/wp-json\/wp\/v2\/media\/8595"}],"wp:attachment":[{"href":"https:\/\/maelissfont.com\/en\/wp-json\/wp\/v2\/media?parent=8593"}],"wp:term":[{"taxonomy":"product_brand","embeddable":true,"href":"https:\/\/maelissfont.com\/en\/wp-json\/wp\/v2\/product_brand?post=8593"},{"taxonomy":"product_cat","embeddable":true,"href":"https:\/\/maelissfont.com\/en\/wp-json\/wp\/v2\/product_cat?post=8593"},{"taxonomy":"product_tag","embeddable":true,"href":"https:\/\/maelissfont.com\/en\/wp-json\/wp\/v2\/product_tag?post=8593"}],"curies":[{"name":"wp","href":"https:\/\/api.w.org\/{rel}","templated":true}]}}