{"id":8596,"date":"2024-11-08T15:16:36","date_gmt":"2024-11-08T14:16:36","guid":{"rendered":"https:\/\/maelissfont.com\/?post_type=product&#038;p=8596"},"modified":"2024-11-08T20:27:29","modified_gmt":"2024-11-08T19:27:29","slug":"aerith-a6-card","status":"publish","type":"product","link":"https:\/\/maelissfont.com\/en\/product\/aerith-a6-card\/","title":{"rendered":"Aerith | A6 Print"},"content":{"rendered":"<p>This illustration is printed in my workshop.<\/p>\n<ul>\n<li>CMYK print on 220g Matte paper<\/li>\n<li>Format A6<\/li>\n<li>Shipped with a plastic protection within a kraft enveloppe<\/li>\n<\/ul>","protected":false},"excerpt":{"rendered":"<p>Cette illustration est imprim\u00e9e et d\u00e9coup\u00e9e par mes soins, dans mon atelier. Impression CMJN sur papier Mat 220g Format A6 Livr\u00e9e sous enveloppe kraft avec protection plastique<\/p>","protected":false},"featured_media":8597,"comment_status":"closed","ping_status":"closed","template":"","meta":[],"product_brand":[],"product_cat":[37],"product_tag":[],"class_list":{"0":"post-8596","1":"product","2":"type-product","3":"status-publish","4":"has-post-thumbnail","6":"product_cat-prints","7":"product_shipping_class-a5-package","9":"first","10":"instock","11":"shipping-taxable","12":"purchasable","13":"product-type-simple"},"_links":{"self":[{"href":"https:\/\/maelissfont.com\/en\/wp-json\/wp\/v2\/product\/8596","targetHints":{"allow":["GET"]}}],"collection":[{"href":"https:\/\/maelissfont.com\/en\/wp-json\/wp\/v2\/product"}],"about":[{"href":"https:\/\/maelissfont.com\/en\/wp-json\/wp\/v2\/types\/product"}],"replies":[{"embeddable":true,"href":"https:\/\/maelissfont.com\/en\/wp-json\/wp\/v2\/comments?post=8596"}],"wp:featuredmedia":[{"embeddable":true,"href":"https:\/\/maelissfont.com\/en\/wp-json\/wp\/v2\/media\/8597"}],"wp:attachment":[{"href":"https:\/\/maelissfont.com\/en\/wp-json\/wp\/v2\/media?parent=8596"}],"wp:term":[{"taxonomy":"product_brand","embeddable":true,"href":"https:\/\/maelissfont.com\/en\/wp-json\/wp\/v2\/product_brand?post=8596"},{"taxonomy":"product_cat","embeddable":true,"href":"https:\/\/maelissfont.com\/en\/wp-json\/wp\/v2\/product_cat?post=8596"},{"taxonomy":"product_tag","embeddable":true,"href":"https:\/\/maelissfont.com\/en\/wp-json\/wp\/v2\/product_tag?post=8596"}],"curies":[{"name":"wp","href":"https:\/\/api.w.org\/{rel}","templated":true}]}}