{"id":8606,"date":"2024-11-08T16:41:01","date_gmt":"2024-11-08T15:41:01","guid":{"rendered":"https:\/\/maelissfont.com\/?post_type=product&#038;p=8606"},"modified":"2026-03-04T19:53:49","modified_gmt":"2026-03-04T18:53:49","slug":"mallows-drenched-with-death-b-grade-print","status":"publish","type":"product","link":"https:\/\/maelissfont.com\/en\/product\/mallows-drenched-with-death-b-grade-print\/","title":{"rendered":"B Grade Print | Mallows drenched with death"},"content":{"rendered":"<div class=\"elementor-element elementor-element-793536a3 elementor-widget__width-initial elementor-widget elementor-widget-woocommerce-product-content\" data-id=\"793536a3\" data-element_type=\"widget\" data-widget_type=\"woocommerce-product-content.default\">\n<div class=\"elementor-widget-container\">\n<p>Let yourself be captivated by this illustration of gothic romance which features a vampire and a young woman meeting among mallow flowers.<\/p>\n<p><strong>Due to the process of risoprinting, slight colour misalignments or slight printer marks are commonplace. However with these B-Grade, the marks\/misalignments are noteworthy (you can refer yourself to the pictures to see examples). B Grade riso prints may present the following issue:<\/strong><\/p>\n<ul>\n<li><strong>Visible printer marks<\/strong><\/li>\n<li><strong>Noteworthy misalignments in the ink layers<\/strong><\/li>\n<li><b>Slight vibrations in the dark lines\/Slight ink smear<\/b><\/li>\n<\/ul>\n<p>&nbsp;<\/p>\n<p>This print is from a limited riso series and will not be reprinted. Illustrations printed in riso have a unique texture and feeling, and the colours and overlay vary very slightly from one print to the other.<\/p>\n<ul>\n<li>3 colour riso print (Fluorescent pink, Teal and Black) on Metapaper 270g<\/li>\n<li>A4 (210 mm x 297 mm)<\/li>\n<li>Shipped with a plastic protection within a kraft enveloppe<\/li>\n<\/ul>\n<p>&nbsp;<\/p>\n<p>The A-Grade print can be found <a href=\"https:\/\/maelissfont.com\/en\/product\/mallows-riso-print\/\">here<\/a>.<\/p>\n<\/div>\n<\/div>\n<div class=\"elementor-element elementor-element-13d61023 elementor-widget elementor-widget-woocommerce-notices\" data-id=\"13d61023\" data-element_type=\"widget\" data-widget_type=\"woocommerce-notices.default\">\n<div class=\"elementor-widget-container\"><\/div>\n<\/div>","protected":false},"excerpt":{"rendered":"<p>Invitez le gothique et le surnaturel chez vous avec cette illustration fantastique repr\u00e9sentant une vampire et une jeune femme entour\u00e9es de mauves. Il s&rsquo;agit d&rsquo;un tirage type \u00ab\u00a0B-Grade\u00a0\u00bb qui pr\u00e9sente quelques d\u00e9fauts. Il est possible que le tirage pr\u00e9sente les d\u00e9fauts suivants : Marques durant l&rsquo;impression Un d\u00e9calage notable au niveau des couches de couleurs [&hellip;]<\/p>\n","protected":false},"featured_media":8219,"comment_status":"closed","ping_status":"closed","template":"","meta":[],"product_brand":[],"product_cat":[37],"product_tag":[],"class_list":{"0":"post-8606","1":"product","2":"type-product","3":"status-publish","4":"has-post-thumbnail","6":"product_cat-prints","7":"product_shipping_class-a4-package","9":"first","10":"instock","11":"shipping-taxable","12":"purchasable","13":"product-type-simple"},"_links":{"self":[{"href":"https:\/\/maelissfont.com\/en\/wp-json\/wp\/v2\/product\/8606","targetHints":{"allow":["GET"]}}],"collection":[{"href":"https:\/\/maelissfont.com\/en\/wp-json\/wp\/v2\/product"}],"about":[{"href":"https:\/\/maelissfont.com\/en\/wp-json\/wp\/v2\/types\/product"}],"replies":[{"embeddable":true,"href":"https:\/\/maelissfont.com\/en\/wp-json\/wp\/v2\/comments?post=8606"}],"wp:featuredmedia":[{"embeddable":true,"href":"https:\/\/maelissfont.com\/en\/wp-json\/wp\/v2\/media\/8219"}],"wp:attachment":[{"href":"https:\/\/maelissfont.com\/en\/wp-json\/wp\/v2\/media?parent=8606"}],"wp:term":[{"taxonomy":"product_brand","embeddable":true,"href":"https:\/\/maelissfont.com\/en\/wp-json\/wp\/v2\/product_brand?post=8606"},{"taxonomy":"product_cat","embeddable":true,"href":"https:\/\/maelissfont.com\/en\/wp-json\/wp\/v2\/product_cat?post=8606"},{"taxonomy":"product_tag","embeddable":true,"href":"https:\/\/maelissfont.com\/en\/wp-json\/wp\/v2\/product_tag?post=8606"}],"curies":[{"name":"wp","href":"https:\/\/api.w.org\/{rel}","templated":true}]}}