{"id":8659,"date":"2024-12-13T17:44:03","date_gmt":"2024-12-13T16:44:03","guid":{"rendered":"https:\/\/maelissfont.com\/?post_type=product&#038;p=8659"},"modified":"2024-12-13T20:12:05","modified_gmt":"2024-12-13T19:12:05","slug":"stickers-minette","status":"publish","type":"product","link":"https:\/\/maelissfont.com\/en\/product\/stickers-minette\/","title":{"rendered":"Minette stickers"},"content":{"rendered":"<p>This set of stickers is composed of 15 black cats drawn in various poses. Please check the image with all number references so you can pick the Minette who is best suited for you! You may also purchase the entire set as a bundle <a href=\"https:\/\/maelissfont.com\/en\/product\/lot-de-stickers-minette\/\">here<\/a>.<br \/>\nThese illustrations were inspired by my sister's cat (often refered to as \"Minette\") whom I catsit on \noccasion.<\/p>\n<p>\u2022 Each sticker is approximately 5-6cm (longest side) \/ 2,3 inches<br \/>\n\u2022 Printed on glossy sticker paper (not waterproof)<br \/>\n\u2022 Die cut stickers<\/p>\n<p>I print and cut these stickers myself in my workshop using an Injket EcoTank printer and a Silhouette cutting machine!<\/p>","protected":false},"excerpt":{"rendered":"<p>Ce set de stickers contient 15 chats noirs dessin\u00e9s dans des poses diff\u00e9rentes. Chaque sticker est associ\u00e9 \u00e0 un chiffre diff\u00e9rent, regardez l&rsquo;image de r\u00e9f\u00e9rence avant de choisir ! Le pack entier est disponible ici. Ces illustrations ont \u00e9t\u00e9 inspir\u00e9es par le chat de ma s\u0153ur (Surnomm\u00e9e Minette) qu&rsquo;il m&rsquo;arrive de garder. \u2022 Format 5-6 [&hellip;]<\/p>\n","protected":false},"featured_media":8660,"comment_status":"closed","ping_status":"closed","template":"","meta":[],"product_brand":[],"product_cat":[101],"product_tag":[],"class_list":{"0":"post-8659","1":"product","2":"type-product","3":"status-publish","4":"has-post-thumbnail","6":"product_cat-stickers","7":"product_shipping_class-stickers","9":"first","10":"instock","11":"shipping-taxable","12":"purchasable","13":"product-type-variable"},"_links":{"self":[{"href":"https:\/\/maelissfont.com\/en\/wp-json\/wp\/v2\/product\/8659","targetHints":{"allow":["GET"]}}],"collection":[{"href":"https:\/\/maelissfont.com\/en\/wp-json\/wp\/v2\/product"}],"about":[{"href":"https:\/\/maelissfont.com\/en\/wp-json\/wp\/v2\/types\/product"}],"replies":[{"embeddable":true,"href":"https:\/\/maelissfont.com\/en\/wp-json\/wp\/v2\/comments?post=8659"}],"wp:featuredmedia":[{"embeddable":true,"href":"https:\/\/maelissfont.com\/en\/wp-json\/wp\/v2\/media\/8660"}],"wp:attachment":[{"href":"https:\/\/maelissfont.com\/en\/wp-json\/wp\/v2\/media?parent=8659"}],"wp:term":[{"taxonomy":"product_brand","embeddable":true,"href":"https:\/\/maelissfont.com\/en\/wp-json\/wp\/v2\/product_brand?post=8659"},{"taxonomy":"product_cat","embeddable":true,"href":"https:\/\/maelissfont.com\/en\/wp-json\/wp\/v2\/product_cat?post=8659"},{"taxonomy":"product_tag","embeddable":true,"href":"https:\/\/maelissfont.com\/en\/wp-json\/wp\/v2\/product_tag?post=8659"}],"curies":[{"name":"wp","href":"https:\/\/api.w.org\/{rel}","templated":true}]}}