{"id":8680,"date":"2024-12-13T19:43:31","date_gmt":"2024-12-13T18:43:31","guid":{"rendered":"https:\/\/maelissfont.com\/?post_type=product&#038;p=8680"},"modified":"2024-12-13T20:10:13","modified_gmt":"2024-12-13T19:10:13","slug":"lot-de-stickers-minette","status":"publish","type":"product","link":"https:\/\/maelissfont.com\/en\/product\/lot-de-stickers-minette\/","title":{"rendered":"Minette sticker pack"},"content":{"rendered":"<p>This bundle of stickers contains 15 single black cats, drawn in various poses. You may also purchase a single unit <a href=\"https:\/\/maelissfont.com\/en\/product\/stickers-minette\/\">here<\/a>.<br \/>\nThese illustrations were inspired by my sister's cat (often refered to as \"Minette\") whom I catsit on \noccasion.<\/p>\n<p>\u2022 Each sticker is approximately 5-6cm (longest side) \/ 2,3 inches<br \/>\n\u2022 Printed on glossy paper<br \/>\n\u2022 Die cut stickers<\/p>\n<p>I print and cut these stickers myself in my workshop using an Injket EcoTank printer and a Silhouette cutting machine!<\/p>","protected":false},"excerpt":{"rendered":"<p>Ce lot de stickers contient 15 chats noirs dessin\u00e9s dans des poses diff\u00e9rentes. Vous pouvez choisir un exemplaire unique de chaque minette ici. Ces illustrations ont \u00e9t\u00e9 inspir\u00e9es par le chat de ma s\u0153ur (Surnomm\u00e9e Minette) qu&rsquo;il m&rsquo;arrive de garder. \u2022 Format 5-6 cm (c\u00f4t\u00e9 le plus long) \u2022 Imprim\u00e9s sur papier autocollant glossy\/brillant \u2022 [&hellip;]<\/p>\n","protected":false},"featured_media":8696,"comment_status":"closed","ping_status":"closed","template":"","meta":[],"product_brand":[],"product_cat":[101],"product_tag":[],"class_list":{"0":"post-8680","1":"product","2":"type-product","3":"status-publish","4":"has-post-thumbnail","6":"product_cat-stickers","7":"product_shipping_class-a5-package","9":"first","10":"instock","11":"shipping-taxable","12":"purchasable","13":"product-type-simple"},"_links":{"self":[{"href":"https:\/\/maelissfont.com\/en\/wp-json\/wp\/v2\/product\/8680","targetHints":{"allow":["GET"]}}],"collection":[{"href":"https:\/\/maelissfont.com\/en\/wp-json\/wp\/v2\/product"}],"about":[{"href":"https:\/\/maelissfont.com\/en\/wp-json\/wp\/v2\/types\/product"}],"replies":[{"embeddable":true,"href":"https:\/\/maelissfont.com\/en\/wp-json\/wp\/v2\/comments?post=8680"}],"wp:featuredmedia":[{"embeddable":true,"href":"https:\/\/maelissfont.com\/en\/wp-json\/wp\/v2\/media\/8696"}],"wp:attachment":[{"href":"https:\/\/maelissfont.com\/en\/wp-json\/wp\/v2\/media?parent=8680"}],"wp:term":[{"taxonomy":"product_brand","embeddable":true,"href":"https:\/\/maelissfont.com\/en\/wp-json\/wp\/v2\/product_brand?post=8680"},{"taxonomy":"product_cat","embeddable":true,"href":"https:\/\/maelissfont.com\/en\/wp-json\/wp\/v2\/product_cat?post=8680"},{"taxonomy":"product_tag","embeddable":true,"href":"https:\/\/maelissfont.com\/en\/wp-json\/wp\/v2\/product_tag?post=8680"}],"curies":[{"name":"wp","href":"https:\/\/api.w.org\/{rel}","templated":true}]}}