{"id":8804,"date":"2025-03-06T14:47:32","date_gmt":"2025-03-06T13:47:32","guid":{"rendered":"https:\/\/maelissfont.com\/?post_type=product&#038;p=8804"},"modified":"2025-03-06T15:00:07","modified_gmt":"2025-03-06T14:00:07","slug":"stickers-posha","status":"publish","type":"product","link":"https:\/\/maelissfont.com\/en\/product\/stickers-posha\/","title":{"rendered":"Posha stickers"},"content":{"rendered":"<p>This sticker is printed and cut in my workshop.<\/p>\n<p>DETAILS:<br \/>\n\u2022 10,5 cm (L) x 7,5 cm (H)<br \/>\n\u2022 Matte sticker paper (not waterproof!)<br \/>\n\u2022 Two choices<\/p>\n<p>Please keep in mind colors may vary with different screens and lighting.<\/p>","protected":false},"excerpt":{"rendered":"<p>Ce sticker est imprim\u00e9 et d\u00e9coup\u00e9 dans mon atelier. DETAILS: \u2022 10,5 cm (Longueur) x 7,5 cm (Hauteur) \u2022 Papier autocollant Matte (pas imperm\u00e9able !) \u2022 Deux variantes Les couleurs peuvent \u00eatre l\u00e9g\u00e8rement diff\u00e9rentes \u00e0 l\u2019\u00e9cran.<\/p>","protected":false},"featured_media":8805,"comment_status":"closed","ping_status":"closed","template":"","meta":[],"product_brand":[],"product_cat":[101],"product_tag":[98],"class_list":{"0":"post-8804","1":"product","2":"type-product","3":"status-publish","4":"has-post-thumbnail","6":"product_cat-stickers","7":"product_tag-strickers","8":"product_shipping_class-stickers","10":"first","11":"instock","12":"shipping-taxable","13":"purchasable","14":"product-type-variable"},"_links":{"self":[{"href":"https:\/\/maelissfont.com\/en\/wp-json\/wp\/v2\/product\/8804","targetHints":{"allow":["GET"]}}],"collection":[{"href":"https:\/\/maelissfont.com\/en\/wp-json\/wp\/v2\/product"}],"about":[{"href":"https:\/\/maelissfont.com\/en\/wp-json\/wp\/v2\/types\/product"}],"replies":[{"embeddable":true,"href":"https:\/\/maelissfont.com\/en\/wp-json\/wp\/v2\/comments?post=8804"}],"wp:featuredmedia":[{"embeddable":true,"href":"https:\/\/maelissfont.com\/en\/wp-json\/wp\/v2\/media\/8805"}],"wp:attachment":[{"href":"https:\/\/maelissfont.com\/en\/wp-json\/wp\/v2\/media?parent=8804"}],"wp:term":[{"taxonomy":"product_brand","embeddable":true,"href":"https:\/\/maelissfont.com\/en\/wp-json\/wp\/v2\/product_brand?post=8804"},{"taxonomy":"product_cat","embeddable":true,"href":"https:\/\/maelissfont.com\/en\/wp-json\/wp\/v2\/product_cat?post=8804"},{"taxonomy":"product_tag","embeddable":true,"href":"https:\/\/maelissfont.com\/en\/wp-json\/wp\/v2\/product_tag?post=8804"}],"curies":[{"name":"wp","href":"https:\/\/api.w.org\/{rel}","templated":true}]}}