{"id":8810,"date":"2025-03-06T15:06:41","date_gmt":"2025-03-06T14:06:41","guid":{"rendered":"https:\/\/maelissfont.com\/?post_type=product&#038;p=8810"},"modified":"2025-03-06T15:10:58","modified_gmt":"2025-03-06T14:10:58","slug":"coeur-de-roses-sticker","status":"publish","type":"product","link":"https:\/\/maelissfont.com\/en\/product\/coeur-de-roses-sticker\/","title":{"rendered":"Heart of roses | Sticker"},"content":{"rendered":"<p>This sticker is printed and cut in my workshop.<\/p>\n<p>DETAILS:<br \/>\n\u2022 6,5 cm x 6,5 cm<br \/>\n\u2022 Matte sticker paper (not waterproof!)<\/p>\n<p>Please keep in mind colors may vary with different screens and lighting.<\/p>","protected":false},"excerpt":{"rendered":"<p>Ce sticker est imprim\u00e9 et d\u00e9coup\u00e9 dans mon atelier. DETAILS: \u2022 6,5 cm x 6,5 cm \u2022 Papier autocollant Matte (pas imperm\u00e9able !) Les couleurs peuvent \u00eatre l\u00e9g\u00e8rement diff\u00e9rentes \u00e0 l\u2019\u00e9cran.<\/p>","protected":false},"featured_media":8811,"comment_status":"closed","ping_status":"closed","template":"","meta":[],"product_brand":[],"product_cat":[101],"product_tag":[98],"class_list":{"0":"post-8810","1":"product","2":"type-product","3":"status-publish","4":"has-post-thumbnail","6":"product_cat-stickers","7":"product_tag-strickers","8":"product_shipping_class-stickers","10":"first","11":"instock","12":"shipping-taxable","13":"purchasable","14":"product-type-simple"},"_links":{"self":[{"href":"https:\/\/maelissfont.com\/en\/wp-json\/wp\/v2\/product\/8810","targetHints":{"allow":["GET"]}}],"collection":[{"href":"https:\/\/maelissfont.com\/en\/wp-json\/wp\/v2\/product"}],"about":[{"href":"https:\/\/maelissfont.com\/en\/wp-json\/wp\/v2\/types\/product"}],"replies":[{"embeddable":true,"href":"https:\/\/maelissfont.com\/en\/wp-json\/wp\/v2\/comments?post=8810"}],"wp:featuredmedia":[{"embeddable":true,"href":"https:\/\/maelissfont.com\/en\/wp-json\/wp\/v2\/media\/8811"}],"wp:attachment":[{"href":"https:\/\/maelissfont.com\/en\/wp-json\/wp\/v2\/media?parent=8810"}],"wp:term":[{"taxonomy":"product_brand","embeddable":true,"href":"https:\/\/maelissfont.com\/en\/wp-json\/wp\/v2\/product_brand?post=8810"},{"taxonomy":"product_cat","embeddable":true,"href":"https:\/\/maelissfont.com\/en\/wp-json\/wp\/v2\/product_cat?post=8810"},{"taxonomy":"product_tag","embeddable":true,"href":"https:\/\/maelissfont.com\/en\/wp-json\/wp\/v2\/product_tag?post=8810"}],"curies":[{"name":"wp","href":"https:\/\/api.w.org\/{rel}","templated":true}]}}