{"id":8867,"date":"2025-05-22T19:12:26","date_gmt":"2025-05-22T17:12:26","guid":{"rendered":"https:\/\/maelissfont.com\/?post_type=product&#038;p=8867"},"modified":"2026-03-09T14:27:48","modified_gmt":"2026-03-09T13:27:48","slug":"sirene-capitaine","status":"publish","type":"product","link":"https:\/\/maelissfont.com\/en\/product\/sirene-capitaine\/","title":{"rendered":"Mermaid &amp; captain | Heart foil sticker"},"content":{"rendered":"<p>This sticker is printed and cut in my workshop! It is printed on matte paper and then covered with a holographic vinyl foil.<\/p>\n<p>DETAILS:<br \/>\n\u2022 10,5 cm (L) x 9 cm (H)<br \/>\n\u2022 Matte paper &amp; holographic vinyl foil sheet<\/p>\n<p>Please keep in mind colors may vary with different screens and lighting.<\/p>","protected":false},"excerpt":{"rendered":"<p>Ce sticker est imprim\u00e9 et d\u00e9coup\u00e9 dans mon atelier ! Il est d&rsquo;abord imprim\u00e9 sur un papier mat puis recouvert d&rsquo;une feuille avec des effets holographiques en forme de c\u0153urs. DETAILS: \u2022 10,5 cm (Longueur) x 9 cm (Hauteur) \u2022 Papier autocollant Mat &amp; Feuille vinyle holographique Les couleurs peuvent \u00eatre l\u00e9g\u00e8rement diff\u00e9rentes \u00e0 l\u2019\u00e9cran.<\/p>","protected":false},"featured_media":8868,"comment_status":"closed","ping_status":"closed","template":"","meta":[],"product_brand":[],"product_cat":[101],"product_tag":[],"class_list":{"0":"post-8867","1":"product","2":"type-product","3":"status-publish","4":"has-post-thumbnail","6":"product_cat-stickers","7":"product_shipping_class-stickers","9":"first","10":"outofstock","11":"shipping-taxable","12":"purchasable","13":"product-type-simple"},"_links":{"self":[{"href":"https:\/\/maelissfont.com\/en\/wp-json\/wp\/v2\/product\/8867","targetHints":{"allow":["GET"]}}],"collection":[{"href":"https:\/\/maelissfont.com\/en\/wp-json\/wp\/v2\/product"}],"about":[{"href":"https:\/\/maelissfont.com\/en\/wp-json\/wp\/v2\/types\/product"}],"replies":[{"embeddable":true,"href":"https:\/\/maelissfont.com\/en\/wp-json\/wp\/v2\/comments?post=8867"}],"wp:featuredmedia":[{"embeddable":true,"href":"https:\/\/maelissfont.com\/en\/wp-json\/wp\/v2\/media\/8868"}],"wp:attachment":[{"href":"https:\/\/maelissfont.com\/en\/wp-json\/wp\/v2\/media?parent=8867"}],"wp:term":[{"taxonomy":"product_brand","embeddable":true,"href":"https:\/\/maelissfont.com\/en\/wp-json\/wp\/v2\/product_brand?post=8867"},{"taxonomy":"product_cat","embeddable":true,"href":"https:\/\/maelissfont.com\/en\/wp-json\/wp\/v2\/product_cat?post=8867"},{"taxonomy":"product_tag","embeddable":true,"href":"https:\/\/maelissfont.com\/en\/wp-json\/wp\/v2\/product_tag?post=8867"}],"curies":[{"name":"wp","href":"https:\/\/api.w.org\/{rel}","templated":true}]}}