{"id":8991,"date":"2025-08-05T16:29:37","date_gmt":"2025-08-05T14:29:37","guid":{"rendered":"https:\/\/maelissfont.com\/?post_type=product&#038;p=8991"},"modified":"2025-08-05T16:29:38","modified_gmt":"2025-08-05T14:29:38","slug":"nuit-eternelle-a4","status":"publish","type":"product","link":"https:\/\/maelissfont.com\/en\/product\/nuit-eternelle-a4\/","title":{"rendered":"Everlasting Night | A4"},"content":{"rendered":"<div class=\"elementor-element elementor-element-793536a3 elementor-widget__width-initial elementor-widget elementor-widget-woocommerce-product-content\" data-id=\"793536a3\" data-element_type=\"widget\" data-widget_type=\"woocommerce-product-content.default\">\n<div class=\"elementor-widget-container\">\n<p>A vampire and her beloved in front of a blood-red stained window.<\/p>\n<p>This illustration is printed in my workshop.<\/p>\n<ul>\n<li>CMYK print on 260g Matte paper<\/li>\n<li>A4 print<\/li>\n<li>Shipped with a plastic protection within a kraft enveloppe<\/li>\n<\/ul>\n<\/div>\n<\/div>","protected":false},"excerpt":{"rendered":"<p>Une vampire et son amante devant un vitrail rouge-sang. Cette illustration est imprim\u00e9e et d\u00e9coup\u00e9e par mes soins, dans mon atelier. Impression CMJN sur papier Mat 260g Format A4 Livr\u00e9e sous enveloppe kraft avec protection plastique<\/p>","protected":false},"featured_media":8992,"comment_status":"closed","ping_status":"closed","template":"","meta":[],"product_brand":[],"product_cat":[37],"product_tag":[123,82,81,80],"class_list":{"0":"post-8991","1":"product","2":"type-product","3":"status-publish","4":"has-post-thumbnail","6":"product_cat-prints","7":"product_tag-illustration","8":"product_tag-lgbt","9":"product_tag-queer","10":"product_tag-vampire","11":"product_shipping_class-a4-package","13":"first","14":"instock","15":"shipping-taxable","16":"purchasable","17":"product-type-simple"},"_links":{"self":[{"href":"https:\/\/maelissfont.com\/en\/wp-json\/wp\/v2\/product\/8991","targetHints":{"allow":["GET"]}}],"collection":[{"href":"https:\/\/maelissfont.com\/en\/wp-json\/wp\/v2\/product"}],"about":[{"href":"https:\/\/maelissfont.com\/en\/wp-json\/wp\/v2\/types\/product"}],"replies":[{"embeddable":true,"href":"https:\/\/maelissfont.com\/en\/wp-json\/wp\/v2\/comments?post=8991"}],"wp:featuredmedia":[{"embeddable":true,"href":"https:\/\/maelissfont.com\/en\/wp-json\/wp\/v2\/media\/8992"}],"wp:attachment":[{"href":"https:\/\/maelissfont.com\/en\/wp-json\/wp\/v2\/media?parent=8991"}],"wp:term":[{"taxonomy":"product_brand","embeddable":true,"href":"https:\/\/maelissfont.com\/en\/wp-json\/wp\/v2\/product_brand?post=8991"},{"taxonomy":"product_cat","embeddable":true,"href":"https:\/\/maelissfont.com\/en\/wp-json\/wp\/v2\/product_cat?post=8991"},{"taxonomy":"product_tag","embeddable":true,"href":"https:\/\/maelissfont.com\/en\/wp-json\/wp\/v2\/product_tag?post=8991"}],"curies":[{"name":"wp","href":"https:\/\/api.w.org\/{rel}","templated":true}]}}