{"id":9165,"date":"2025-12-15T14:59:56","date_gmt":"2025-12-15T13:59:56","guid":{"rendered":"https:\/\/maelissfont.com\/?post_type=product&#038;p=9165"},"modified":"2025-12-15T15:54:15","modified_gmt":"2025-12-15T14:54:15","slug":"carte-de-voeux-a6-noel-4","status":"publish","type":"product","link":"https:\/\/maelissfont.com\/en\/product\/carte-de-voeux-a6-noel-4\/","title":{"rendered":"Greeting cards (A6) | Christmas"},"content":{"rendered":"<p>Greeting cards featuring a Christmas themed cat illustration.<br \/>\nAll the illustrations are my own creation. Cards are printed in small quantity in my workshop, on demand.<\/p>\n<p>\u2709\ufe0f FORMAT<br \/>\nPostcard<br \/>\nOne-side print &amp; blank side for writing (credits present at the bottom)<br \/>\nFormat 10.5 x 14.8 cm (A6)<br \/>\nMatte paper 260gsm<\/p>\n<p>Available in 4 different languages: English, French, German, Spanish.<br \/>\nOther languages available on request: if you\u2019re interested in another translation, please message me so I can adapt the design.<\/p>\n<p>EN : Merry Christmas | FR : Joyeux No\u00ebl | DE: Frohe Weihnachten | ES: Feliz Navidad<\/p>","protected":false},"excerpt":{"rendered":"<p>Carte de v\u0153ux sur le th\u00e8me de No\u00ebl. Toutes les illustrations ont \u00e9t\u00e9 r\u00e9alis\u00e9es de mes mains. Les cartes sont imprim\u00e9es en petites quantit\u00e9s, dans mon atelier. \u2709\ufe0f FORMAT Carte postale Impression sur le recto \/ Verso r\u00e9serv\u00e9 \u00e0 l\u2019\u00e9criture (signature pr\u00e9sente en bas du verso) Format 10.5 x 14.8 cm (A6) Papier Mat 260g [&hellip;]<\/p>\n","protected":false},"featured_media":9170,"comment_status":"closed","ping_status":"closed","template":"","meta":[],"product_brand":[],"product_cat":[127],"product_tag":[128],"class_list":{"0":"post-9165","1":"product","2":"type-product","3":"status-publish","4":"has-post-thumbnail","6":"product_cat-papeterie","7":"product_tag-a6-print","8":"product_shipping_class-a5-package","10":"first","11":"instock","12":"shipping-taxable","13":"purchasable","14":"product-type-variable"},"_links":{"self":[{"href":"https:\/\/maelissfont.com\/en\/wp-json\/wp\/v2\/product\/9165","targetHints":{"allow":["GET"]}}],"collection":[{"href":"https:\/\/maelissfont.com\/en\/wp-json\/wp\/v2\/product"}],"about":[{"href":"https:\/\/maelissfont.com\/en\/wp-json\/wp\/v2\/types\/product"}],"replies":[{"embeddable":true,"href":"https:\/\/maelissfont.com\/en\/wp-json\/wp\/v2\/comments?post=9165"}],"wp:featuredmedia":[{"embeddable":true,"href":"https:\/\/maelissfont.com\/en\/wp-json\/wp\/v2\/media\/9170"}],"wp:attachment":[{"href":"https:\/\/maelissfont.com\/en\/wp-json\/wp\/v2\/media?parent=9165"}],"wp:term":[{"taxonomy":"product_brand","embeddable":true,"href":"https:\/\/maelissfont.com\/en\/wp-json\/wp\/v2\/product_brand?post=9165"},{"taxonomy":"product_cat","embeddable":true,"href":"https:\/\/maelissfont.com\/en\/wp-json\/wp\/v2\/product_cat?post=9165"},{"taxonomy":"product_tag","embeddable":true,"href":"https:\/\/maelissfont.com\/en\/wp-json\/wp\/v2\/product_tag?post=9165"}],"curies":[{"name":"wp","href":"https:\/\/api.w.org\/{rel}","templated":true}]}}