{"id":9542,"date":"2026-02-27T16:43:51","date_gmt":"2026-02-27T15:43:51","guid":{"rendered":"https:\/\/maelissfont.com\/?post_type=product&#038;p=9542"},"modified":"2026-02-27T16:47:44","modified_gmt":"2026-02-27T15:47:44","slug":"chevalier-aux-fleurs","status":"publish","type":"product","link":"https:\/\/maelissfont.com\/en\/product\/chevalier-aux-fleurs\/","title":{"rendered":"Knight of flowers"},"content":{"rendered":"<p>This sticker is printed and cut in my workshop.<\/p>\n<p>DETAILS:<br \/>\n\u2022 8 cm x 5 cm<br \/>\n\u2022 Matte sticker paper (not waterproof!)<\/p>\n<p>Please keep in mind colors may vary with different screens and lighting.<\/p>","protected":false},"excerpt":{"rendered":"<p>Ce sticker est imprim\u00e9 et d\u00e9coup\u00e9 dans mon atelier. DETAILS: \u2022 8 cm (Longueur) x 5 cm (Hauteur) \u2022 Papier autocollant Matte (pas imperm\u00e9able !) Les couleurs peuvent \u00eatre l\u00e9g\u00e8rement diff\u00e9rentes \u00e0 l\u2019\u00e9cran.<\/p>","protected":false},"featured_media":9543,"comment_status":"closed","ping_status":"closed","template":"","meta":[],"product_brand":[],"product_cat":[101],"product_tag":[98],"class_list":{"0":"post-9542","1":"product","2":"type-product","3":"status-publish","4":"has-post-thumbnail","6":"product_cat-stickers","7":"product_tag-strickers","8":"product_shipping_class-stickers","10":"first","11":"instock","12":"shipping-taxable","13":"purchasable","14":"product-type-simple"},"_links":{"self":[{"href":"https:\/\/maelissfont.com\/en\/wp-json\/wp\/v2\/product\/9542","targetHints":{"allow":["GET"]}}],"collection":[{"href":"https:\/\/maelissfont.com\/en\/wp-json\/wp\/v2\/product"}],"about":[{"href":"https:\/\/maelissfont.com\/en\/wp-json\/wp\/v2\/types\/product"}],"replies":[{"embeddable":true,"href":"https:\/\/maelissfont.com\/en\/wp-json\/wp\/v2\/comments?post=9542"}],"wp:featuredmedia":[{"embeddable":true,"href":"https:\/\/maelissfont.com\/en\/wp-json\/wp\/v2\/media\/9543"}],"wp:attachment":[{"href":"https:\/\/maelissfont.com\/en\/wp-json\/wp\/v2\/media?parent=9542"}],"wp:term":[{"taxonomy":"product_brand","embeddable":true,"href":"https:\/\/maelissfont.com\/en\/wp-json\/wp\/v2\/product_brand?post=9542"},{"taxonomy":"product_cat","embeddable":true,"href":"https:\/\/maelissfont.com\/en\/wp-json\/wp\/v2\/product_cat?post=9542"},{"taxonomy":"product_tag","embeddable":true,"href":"https:\/\/maelissfont.com\/en\/wp-json\/wp\/v2\/product_tag?post=9542"}],"curies":[{"name":"wp","href":"https:\/\/api.w.org\/{rel}","templated":true}]}}