{"id":9548,"date":"2026-03-04T16:11:12","date_gmt":"2026-03-04T15:11:12","guid":{"rendered":"https:\/\/maelissfont.com\/?post_type=product&#038;p=9548"},"modified":"2026-03-04T16:13:02","modified_gmt":"2026-03-04T15:13:02","slug":"pack-de-stickers-mystere-m","status":"publish","type":"product","link":"https:\/\/maelissfont.com\/en\/product\/pack-de-stickers-mystere-m\/","title":{"rendered":"Mystery sticker pack | M"},"content":{"rendered":"<p>If you don\u2019t know what stickers to get and you want to be surprised, this blind bag is perfect for you.<br \/>\nThis mystery pack contains a mix of stickers carefully picked for you. It\u2019s the perfect occasion to gift yourself a little something, but it can also make for a great gift!<\/p>\n<p>\ud83d\udc8c The bag can contain:<br \/>\n\u2013 Single die-cut stickers<br \/>\n\u2013 Sticker sheet<br \/>\n\u2013 Matte stickers<br \/>\n\u2013 Glossy stickers<br \/>\n\u2013 Vinyl stickers<br \/>\n\u2013 Holographic stickers<br \/>\n\u2013 Stickers from the current catalogue<br \/>\n\u2013 Discontinued stickers<br \/>\n\u2013Stickers that have yet to be revealed \ud83d\udc40<\/p>\n<p>The value of the stickers contained of the bag always exceeds the value of the bag. However the amount of stickers may vary depending on the sizes or effects of the stickers.<br \/>\nAdditional oopsie stickers with minor flaws may be included on top (they do not count into the value of the bag). Flaws can be of the following nature : misaligned cut marks, spot in the print, colour issue upon printing, slight scratch.<\/p>\n<p>Every sticker is 100% created by myself, from the illustration, to the packaging. I print and cut in my workshop with an Ecotank printer and a Silhouette cutting machine.<\/p>","protected":false},"excerpt":{"rendered":"<p>Si vous ne savez pas quels stickers choisir, alors laissez vous surprendre par ce pack myst\u00e8re. Cette pochette contient un m\u00e9lange de stickers soigneusement choisis pour vous. Id\u00e9ale pour vous faire plaisir mais aussi parfaite pour offrir ! \ud83d\udc8c Ce pack peut contenir : &#8211; Des stickers individuels &#8211; Des planches de stickers &#8211; Des [&hellip;]<\/p>\n","protected":false},"featured_media":9549,"comment_status":"closed","ping_status":"closed","template":"","meta":[],"product_brand":[],"product_cat":[101],"product_tag":[98],"class_list":{"0":"post-9548","1":"product","2":"type-product","3":"status-publish","4":"has-post-thumbnail","6":"product_cat-stickers","7":"product_tag-strickers","8":"product_shipping_class-stickers","10":"first","11":"instock","12":"shipping-taxable","13":"purchasable","14":"product-type-simple"},"_links":{"self":[{"href":"https:\/\/maelissfont.com\/en\/wp-json\/wp\/v2\/product\/9548","targetHints":{"allow":["GET"]}}],"collection":[{"href":"https:\/\/maelissfont.com\/en\/wp-json\/wp\/v2\/product"}],"about":[{"href":"https:\/\/maelissfont.com\/en\/wp-json\/wp\/v2\/types\/product"}],"replies":[{"embeddable":true,"href":"https:\/\/maelissfont.com\/en\/wp-json\/wp\/v2\/comments?post=9548"}],"wp:featuredmedia":[{"embeddable":true,"href":"https:\/\/maelissfont.com\/en\/wp-json\/wp\/v2\/media\/9549"}],"wp:attachment":[{"href":"https:\/\/maelissfont.com\/en\/wp-json\/wp\/v2\/media?parent=9548"}],"wp:term":[{"taxonomy":"product_brand","embeddable":true,"href":"https:\/\/maelissfont.com\/en\/wp-json\/wp\/v2\/product_brand?post=9548"},{"taxonomy":"product_cat","embeddable":true,"href":"https:\/\/maelissfont.com\/en\/wp-json\/wp\/v2\/product_cat?post=9548"},{"taxonomy":"product_tag","embeddable":true,"href":"https:\/\/maelissfont.com\/en\/wp-json\/wp\/v2\/product_tag?post=9548"}],"curies":[{"name":"wp","href":"https:\/\/api.w.org\/{rel}","templated":true}]}}