{"id":9724,"date":"2026-04-17T15:22:46","date_gmt":"2026-04-17T13:22:46","guid":{"rendered":"https:\/\/maelissfont.com\/?post_type=product&#038;p=9724"},"modified":"2026-04-17T15:33:35","modified_gmt":"2026-04-17T13:33:35","slug":"joyeux-adoubement-carte-a6","status":"publish","type":"product","link":"https:\/\/maelissfont.com\/en\/product\/joyeux-adoubement-carte-a6\/","title":{"rendered":"Happy knighting | A6 Card"},"content":{"rendered":"<p>The knighting ceremony is the dream of every squire - the moment they finally ascend to knighthood, take their vows and swear their oath of allegiance.<br \/>\nCelebrate this unique event all of us goes through at one point or another with this unique card. The inside is blank so that you may adress the beloved knight in your life some words of encouragement<\/p>\n<p>Folded card printed on 240 g quality paper from the brand Jupp, manufactured within Europe (Germany). The design and illustration were created by my care. Each card is printed, creased and folded within my workshop.<\/p>\n<p>D\u00e9tails :<br \/>\n\u2694\ufe0f A6 Card (A5 spread)<br \/>\n\u2694\ufe0f Blank inside<br \/>\n\u2694\ufe0f Jupp Paper 240 gsm - Natural white<br \/>\n\u2694\ufe0f Available in English and French: Happy knighting | Joyeux adoubement<\/p>","protected":false},"excerpt":{"rendered":"<p>La c\u00e9r\u00e9monie de l&rsquo;accolade est le r\u00eave de tout \u00e9cuyer &#8211; le moment durant lequel il devient enfin chevalier et prononce ses v\u0153ux de chevalerie. C\u00e9l\u00e9brez cette \u00e9tape cruciale en offrant aux chevaliers de votre vie cette petite carte. L&rsquo;int\u00e9rieur est vierge pour que vous puissiez leur adresser quelques mots d&rsquo;encouragement. Carte deux volets imprim\u00e9e [&hellip;]<\/p>\n","protected":false},"featured_media":9727,"comment_status":"closed","ping_status":"closed","template":"","meta":[],"product_brand":[],"product_cat":[127],"product_tag":[],"class_list":{"0":"post-9724","1":"product","2":"type-product","3":"status-publish","4":"has-post-thumbnail","6":"product_cat-papeterie","7":"product_shipping_class-stickers","9":"first","10":"instock","11":"shipping-taxable","12":"purchasable","13":"product-type-variable"},"_links":{"self":[{"href":"https:\/\/maelissfont.com\/en\/wp-json\/wp\/v2\/product\/9724","targetHints":{"allow":["GET"]}}],"collection":[{"href":"https:\/\/maelissfont.com\/en\/wp-json\/wp\/v2\/product"}],"about":[{"href":"https:\/\/maelissfont.com\/en\/wp-json\/wp\/v2\/types\/product"}],"replies":[{"embeddable":true,"href":"https:\/\/maelissfont.com\/en\/wp-json\/wp\/v2\/comments?post=9724"}],"wp:featuredmedia":[{"embeddable":true,"href":"https:\/\/maelissfont.com\/en\/wp-json\/wp\/v2\/media\/9727"}],"wp:attachment":[{"href":"https:\/\/maelissfont.com\/en\/wp-json\/wp\/v2\/media?parent=9724"}],"wp:term":[{"taxonomy":"product_brand","embeddable":true,"href":"https:\/\/maelissfont.com\/en\/wp-json\/wp\/v2\/product_brand?post=9724"},{"taxonomy":"product_cat","embeddable":true,"href":"https:\/\/maelissfont.com\/en\/wp-json\/wp\/v2\/product_cat?post=9724"},{"taxonomy":"product_tag","embeddable":true,"href":"https:\/\/maelissfont.com\/en\/wp-json\/wp\/v2\/product_tag?post=9724"}],"curies":[{"name":"wp","href":"https:\/\/api.w.org\/{rel}","templated":true}]}}